{"id":1041,"date":"2025-06-02T10:23:12","date_gmt":"2025-06-02T08:23:12","guid":{"rendered":"https:\/\/uniqueelements.es\/politica-de-reembolsos-y-devoluciones\/"},"modified":"2025-07-14T18:04:43","modified_gmt":"2025-07-14T16:04:43","slug":"politica-de-reembolsos-y-devoluciones","status":"publish","type":"page","link":"https:\/\/uniqueelements.es\/es\/politica-de-reembolsos-y-devoluciones\/","title":{"rendered":"Pol\u00edtica de cancelaci\u00f3n"},"content":{"rendered":"\n<p><strong>Pol\u00edtica de cancelaci\u00f3n<\/strong><\/p>\n\n<p><strong>1. derecho de anulaci\u00f3n para art\u00edculos est\u00e1ndar<\/strong><\/p>\n\n<p>Los consumidores tienen derecho a rescindir este contrato en un plazo de 14 d\u00edas sin indicar el motivo.<\/p>\n\n<p>El plazo de desistimiento es de 14 d\u00edas a partir del d\u00eda en que t\u00fa o un tercero nombrado por ti, que no sea el transportista, hay\u00e1is tomado posesi\u00f3n de la mercanc\u00eda.<\/p>\n\n<p><strong>Para ejercer tu derecho de cancelaci\u00f3n<\/strong>, debes informarnos (Elementos \u00danicos, [tu direcci\u00f3n], correo electr\u00f3nico: [tu direcci\u00f3n de correo electr\u00f3nico]) de tu decisi\u00f3n de cancelar este contrato mediante una declaraci\u00f3n clara (por ejemplo, una carta enviada por correo postal o electr\u00f3nico). Puedes utilizar el modelo de formulario de cancelaci\u00f3n adjunto, pero no es obligatorio. <\/p>\n\n<p><strong>Consecuencias de la cancelaci\u00f3n<\/strong><\/p>\n\n<p>Si desistes de este contrato, te reembolsaremos todos los pagos que hayamos recibido de ti, incluidos los gastos de env\u00edo (a excepci\u00f3n de los gastos suplementarios resultantes de tu elecci\u00f3n de un tipo de env\u00edo distinto del tipo menos costoso de env\u00edo est\u00e1ndar que ofrezcamos), sin ninguna demora indebida y, en cualquier caso, a m\u00e1s tardar 14 d\u00edas a partir del d\u00eda en que se nos informe de tu decisi\u00f3n de desistir de este contrato.<\/p>\n\n<p>Para este reembolso, utilizaremos el mismo medio de pago que utilizaste para la transacci\u00f3n original, a menos que se acuerde expresamente otra cosa contigo. En ning\u00fan caso se te cobrar\u00e1n comisiones por este reembolso. <\/p>\n\n<p>Podemos negarnos a reembolsarte el importe hasta que hayamos recibido la mercanc\u00eda de vuelta o hasta que hayas presentado una prueba de que has devuelto la mercanc\u00eda, lo que ocurra primero.<\/p>\n\n<p>Debes devolvernos o entregarnos los bienes inmediatamente y, en cualquier caso, en un plazo m\u00e1ximo de 14 d\u00edas a partir del d\u00eda en que nos comuniques la rescisi\u00f3n del presente contrato. El plazo se cumple si env\u00edas la mercanc\u00eda antes de que haya expirado el plazo de 14 d\u00edas. <\/p>\n\n<p>T\u00fa asumes los costes directos de devoluci\u00f3n de la mercanc\u00eda.<\/p>\n\n<p>S\u00f3lo tendr\u00e1s que pagar por la p\u00e9rdida de valor de los bienes si dicha p\u00e9rdida de valor se debe a una manipulaci\u00f3n de los bienes que no sea necesaria para comprobar su estado, propiedades y funcionalidad.<\/p>\n\n<hr class=\"wp-block-separator has-alpha-channel-opacity\"\/>\n\n<p><strong>2. exclusi\u00f3n del derecho de desistimiento para los productos a medida<\/strong><\/p>\n\n<p>El derecho de desistimiento no se aplica a los contratos de entrega de bienes que no sean prefabricados y para cuya fabricaci\u00f3n sea decisiva una selecci\u00f3n o determinaci\u00f3n individual por parte del consumidor o que est\u00e9n claramente adaptados a las necesidades personales del consumidor.<\/p>\n\n<p>Esto se aplica en particular a los productos personalizados y a los productos dise\u00f1ados individualmente y fabricados seg\u00fan tus especificaciones.<\/p>\n\n<hr class=\"wp-block-separator has-alpha-channel-opacity\"\/>\n\n<p><strong>Modelo de formulario de cancelaci\u00f3n<\/strong><\/p>\n\n<p>(Si deseas cancelar el contrato, rellena y devuelve este formulario).<\/p>\n\n<p>A:<\/p>\n\n<p>Elementos \u00danicos<br\/>Caragus 16 Carretera N-332,<br\/>03750 Pedreguer, Aliante,<br\/>Espa\u00f1a<\/p>\n\n<p>info@uniqueelements.eu<\/p>\n\n<p>Por la presente,<em> yo\/nosotros ()<\/em> rescindimos<em> el<\/em> contrato celebrado por<em> m\u00ed\/nosotros (<\/em>) para la compra de los siguientes bienes (*):<\/p>\n\n<ul class=\"wp-block-list\">\n<li>Pedido el (<em>) \/ recibido el (<\/em>):<\/li>\n<\/ul>\n\n<p><\/p>\n\n<ul class=\"wp-block-list\">\n<li>Nombre del consumidor o consumidores:<\/li>\n<\/ul>\n\n<p><\/p>\n\n<ul class=\"wp-block-list\">\n<li>Direcci\u00f3n del consumidor o consumidores:<\/li>\n<\/ul>\n\n<p><\/p>\n\n<ul class=\"wp-block-list\">\n<li>Firma del consumidor o consumidores (s\u00f3lo para notificaciones en papel):<\/li>\n<\/ul>\n\n<p><\/p>\n\n<ul class=\"wp-block-list\">\n<li>Fecha:<\/li>\n<\/ul>\n\n<p><\/p>\n\n<p>(*) T\u00e1chese lo que no proceda.<\/p>\n","protected":false},"excerpt":{"rendered":"<p>Pol\u00edtica de cancelaci\u00f3n 1. derecho de anulaci\u00f3n para art\u00edculos est\u00e1ndar Los consumidores tienen derecho a rescindir este contrato en un plazo de 14 d\u00edas sin indicar<span class=\"excerpt-hellip\"> [\u2026]<\/span><\/p>\n","protected":false},"author":1,"featured_media":0,"parent":0,"menu_order":0,"comment_status":"closed","ping_status":"closed","template":"","meta":{"footnotes":""},"class_list":["post-1041","page","type-page","status-publish","hentry"],"jetpack_sharing_enabled":true,"_links":{"self":[{"href":"https:\/\/uniqueelements.es\/es\/wp-json\/wp\/v2\/pages\/1041","targetHints":{"allow":["GET"]}}],"collection":[{"href":"https:\/\/uniqueelements.es\/es\/wp-json\/wp\/v2\/pages"}],"about":[{"href":"https:\/\/uniqueelements.es\/es\/wp-json\/wp\/v2\/types\/page"}],"author":[{"embeddable":true,"href":"https:\/\/uniqueelements.es\/es\/wp-json\/wp\/v2\/users\/1"}],"replies":[{"embeddable":true,"href":"https:\/\/uniqueelements.es\/es\/wp-json\/wp\/v2\/comments?post=1041"}],"version-history":[{"count":3,"href":"https:\/\/uniqueelements.es\/es\/wp-json\/wp\/v2\/pages\/1041\/revisions"}],"predecessor-version":[{"id":1386,"href":"https:\/\/uniqueelements.es\/es\/wp-json\/wp\/v2\/pages\/1041\/revisions\/1386"}],"wp:attachment":[{"href":"https:\/\/uniqueelements.es\/es\/wp-json\/wp\/v2\/media?parent=1041"}],"curies":[{"name":"wp","href":"https:\/\/api.w.org\/{rel}","templated":true}]}}