{"id":1133,"date":"2021-12-23T09:44:59","date_gmt":"2021-12-23T08:44:59","guid":{"rendered":"https:\/\/uniqueelements.es\/politica-de-privacidad\/"},"modified":"2025-07-14T18:01:29","modified_gmt":"2025-07-14T16:01:29","slug":"politica-de-privacidad","status":"publish","type":"page","link":"https:\/\/uniqueelements.es\/es\/politica-de-privacidad\/","title":{"rendered":"Pol\u00edtica de privacidad"},"content":{"rendered":"\n<h2 class=\"wp-block-heading\">Pol\u00edtica de privacidad<\/h2>\n\n<h3 class=\"wp-block-heading\">de Unique Elements S.L.<\/h3>\n\n<h3 class=\"wp-block-heading\">1. informaci\u00f3n general<\/h3>\n\n<p>Esta pol\u00edtica de privacidad te informa sobre el tipo, alcance y finalidad del tratamiento de datos personales en relaci\u00f3n con nuestra oferta online bajo el dominio www.uniqueelements.eu<\/p>\n\n<p><strong>El proveedor responsable de esta oferta en l\u00ednea es:<\/strong><br\/><strong>Unique Elements S.L.<\/strong><br\/>Alicante, Espa\u00f1a<br\/>E-mail: info@uniqueelements.eu<\/p>\n\n<h3 class=\"wp-block-heading\">2. recogida y almacenamiento de datos personales y naturaleza y finalidad de su uso<\/h3>\n\n<h4 class=\"wp-block-heading\">a) Al visitar el sitio web<\/h4>\n\n<p>Cuando visitas nuestro sitio web, el navegador utilizado en tu dispositivo env\u00eda autom\u00e1ticamente informaci\u00f3n a nuestro servidor. Esta informaci\u00f3n se almacena temporalmente en un denominado archivo de registro. <\/p>\n\n<p><strong>La siguiente informaci\u00f3n se recopila sin ninguna acci\u00f3n por tu parte y se almacena hasta que se elimina autom\u00e1ticamente:<\/strong><\/p>\n\n<ul class=\"wp-block-list\">\n<li>Direcci\u00f3n IP del ordenador solicitante,<\/li>\n\n\n\n<li>Fecha y hora de acceso,<\/li>\n\n\n\n<li>Nombre y URL del archivo recuperado,<\/li>\n\n\n\n<li>Sitio web desde el que se accede (URL de referencia),<\/li>\n\n\n\n<li>el navegador utilizado y, si procede, el sistema operativo de tu ordenador y el nombre de tu proveedor de acceso.<\/li>\n<\/ul>\n\n<p><strong>Finalidad del tratamiento:<\/strong><br\/>Tratamos los datos mencionados con las siguientes finalidades:<\/p>\n\n<ul class=\"wp-block-list\">\n<li>Garantizar una conexi\u00f3n sin problemas,<\/li>\n\n\n\n<li>Garantizar un uso c\u00f3modo de nuestro sitio web,<\/li>\n\n\n\n<li>Evaluaci\u00f3n de la seguridad y estabilidad del sistema y<\/li>\n\n\n\n<li>para otros fines administrativos.<\/li>\n<\/ul>\n\n<p><strong>Base jur\u00eddica:<\/strong> Art. 6 p\u00e1rr. 1 lit. f GDPR (inter\u00e9s leg\u00edtimo)  <\/p>\n\n<h4 class=\"wp-block-heading\">b) Al establecer contacto<\/h4>\n\n<p>Si nos env\u00edas consultas a trav\u00e9s del formulario de contacto o por correo electr\u00f3nico, tus datos, incluidos los datos de contacto que proporciones all\u00ed, se almacenar\u00e1n para procesar tu consulta.<\/p>\n\n<p><strong>Base jur\u00eddica:<\/strong> Art. 6 p\u00e1rr. 1 lit. b GDPR (cumplimiento o inicio de un contrato)  <\/p>\n\n<h4 class=\"wp-block-heading\">c) Al inscribirte en el bolet\u00edn de noticias<\/h4>\n\n<p>Si te suscribes a nuestro bolet\u00edn de noticias, almacenaremos tu direcci\u00f3n de correo electr\u00f3nico y, opcionalmente, otros datos (por ejemplo, tu nombre) para enviarte informaci\u00f3n peri\u00f3dica sobre nuestros productos o promociones.<\/p>\n\n<p><strong>Base jur\u00eddica:<\/strong> Art. 6 p\u00e1rr. 1 lit. a GDPR (consentimiento)  <\/p>\n\n<p>Puedes retirar tu consentimiento en cualquier momento, por ejemplo, a trav\u00e9s del enlace para darse de baja del bolet\u00edn informativo.<\/p>\n\n<h3 class=\"wp-block-heading\">3. divulgaci\u00f3n de datos<\/h3>\n\n<p>Tus datos personales s\u00f3lo se transferir\u00e1n a terceros si:<\/p>\n\n<ul class=\"wp-block-list\">\n<li>has dado tu consentimiento expreso para ello (Art. 6 p\u00e1rr. 1 lit. a GDPR),<\/li>\n\n\n\n<li>esto es legalmente permisible y necesario para el tratamiento de las relaciones contractuales contigo (Art. 6 p\u00e1rr. 1 lit. b GDPR),<\/li>\n\n\n\n<li>existe una obligaci\u00f3n legal (Art. 6 p\u00e1rr. 1 lit. c GDPR) o<\/li>\n\n\n\n<li>la divulgaci\u00f3n es necesaria para salvaguardar intereses leg\u00edtimos (Art. 6 p\u00e1rr. 1 lit. f GDPR).<\/li>\n<\/ul>\n\n<h3 class=\"wp-block-heading\">4. proveedor de servicios de pago<\/h3>\n\n<p>Utilizamos los siguientes proveedores de servicios de pago, cuyas disposiciones de protecci\u00f3n de datos aceptas al utilizarlos:<\/p>\n\n<ul class=\"wp-block-list\">\n<li><strong>PayPal:<\/strong> <a>https:\/\/www.paypal.com\/de\/webapps\/mpp\/ua\/privacy-full<\/a><\/li>\n\n\n\n<li><strong>Klarna:<\/strong> <a>https:\/\/www.klarna.com\/de\/datenschutz\/<\/a><\/li>\n\n\n\n<li><strong>Apple Pay<\/strong> \/ <strong>Google Pay<\/strong> \/ <strong>American Express<\/strong> (mediante plugins de WooCommerce)<\/li>\n<\/ul>\n\n<h3 class=\"wp-block-heading\">5. cookies y seguimiento<\/h3>\n\n<h4 class=\"wp-block-heading\">a) Cookies<\/h4>\n\n<p>Nuestro sitio web utiliza cookies. \u00c9stas no da\u00f1an tu dispositivo y no contienen virus. Las cookies se utilizan para que nuestro sitio web sea m\u00e1s f\u00e1cil de usar y seguro.  <\/p>\n\n<p><strong>Base jur\u00eddica:<\/strong><\/p>\n\n<ul class=\"wp-block-list\">\n<li>Cookies necesarias: Art. 6 p\u00e1rr. 1 lit. f GDPR  <\/li>\n\n\n\n<li>Todas las dem\u00e1s cookies (por ejemplo, estad\u00edsticas, marketing): Art. 6 p\u00e1rr. 1 lit. a GDPR (consentimiento mediante banner de cookies)  <\/li>\n<\/ul>\n\n<h4 class=\"wp-block-heading\">b) Google Analytics<\/h4>\n\n<p>Este sitio web utiliza Google Analytics, un servicio anal\u00edtico de web prestado por Google Ireland Limited, Gordon House, Barrow Street, Dubl\u00edn 4, Irlanda.<\/p>\n\n<p>Google utiliza cookies para analizar tu uso del sitio web. La informaci\u00f3n generada por la cookie se transfiere normalmente a un servidor de Google en EE.UU. y se almacena all\u00ed. <\/p>\n\n<p>Hemos configurado Google Analytics para que tu direcci\u00f3n IP quede truncada (anonimizaci\u00f3n de IP). Puedes evitar el almacenamiento de cookies configurando el software de tu navegador en consecuencia o utilizando nuestro banner de cookies. <\/p>\n\n<p><strong>M\u00e1s informaci\u00f3n:<\/strong> <a>https:\/\/support.google.com\/analytics\/answer\/6004245?hl=de<\/a><\/p>\n\n<h3 class=\"wp-block-heading\">6. tus derechos como interesado<\/h3>\n\n<p>Tienes derecho:<\/p>\n\n<ul class=\"wp-block-list\">\n<li>solicitar informaci\u00f3n sobre tus datos personales procesados por nosotros de acuerdo con el Art. 15 GDPR,<\/li>\n\n\n\n<li>de acuerdo con el Art. 16 GDPR, a solicitar inmediatamente la correcci\u00f3n de datos incorrectos o incompletos almacenados por nosotros,<\/li>\n\n\n\n<li>solicitar la eliminaci\u00f3n de tus datos almacenados por nosotros de acuerdo con el Art. 17 GDPR,<\/li>\n\n\n\n<li>exigir la restricci\u00f3n del tratamiento de acuerdo con el Art. 18 GDPR,<\/li>\n\n\n\n<li>de conformidad con el art. 20 del RGPD, a recibir tus datos en un formato estructurado y de uso com\u00fan o a solicitar su transmisi\u00f3n a otro responsable del tratamiento,<\/li>\n\n\n\n<li>presentar una reclamaci\u00f3n ante una autoridad supervisora de conformidad con el Art. 77 GDPR.<\/li>\n<\/ul>\n\n<h3 class=\"wp-block-heading\">7. derecho de cancelaci\u00f3n del consentimiento<\/h3>\n\n<p>Puedes revocar tu consentimiento para el tratamiento de datos en cualquier momento. S\u00f3lo tienes que enviarnos un correo electr\u00f3nico informal. <\/p>\n\n<h3 class=\"wp-block-heading\">8. Encriptaci\u00f3n SSL o TLS<\/h3>\n\n<p>Por razones de seguridad, este sitio utiliza encriptaci\u00f3n SSL o TLS, reconocible por \u00abhttps:\/\/\u00bb y el s\u00edmbolo del candado en la l\u00ednea del navegador.<\/p>\n","protected":false},"excerpt":{"rendered":"<p>Pol\u00edtica de privacidad de Unique Elements S.L. 1. informaci\u00f3n general Esta pol\u00edtica de privacidad te informa sobre el tipo, alcance y finalidad del tratamiento de datos<span class=\"excerpt-hellip\"> [\u2026]<\/span><\/p>\n","protected":false},"author":2,"featured_media":0,"parent":0,"menu_order":0,"comment_status":"closed","ping_status":"closed","template":"","meta":{"footnotes":""},"class_list":["post-1133","page","type-page","status-publish","hentry"],"jetpack_sharing_enabled":true,"_links":{"self":[{"href":"https:\/\/uniqueelements.es\/es\/wp-json\/wp\/v2\/pages\/1133","targetHints":{"allow":["GET"]}}],"collection":[{"href":"https:\/\/uniqueelements.es\/es\/wp-json\/wp\/v2\/pages"}],"about":[{"href":"https:\/\/uniqueelements.es\/es\/wp-json\/wp\/v2\/types\/page"}],"author":[{"embeddable":true,"href":"https:\/\/uniqueelements.es\/es\/wp-json\/wp\/v2\/users\/2"}],"replies":[{"embeddable":true,"href":"https:\/\/uniqueelements.es\/es\/wp-json\/wp\/v2\/comments?post=1133"}],"version-history":[{"count":1,"href":"https:\/\/uniqueelements.es\/es\/wp-json\/wp\/v2\/pages\/1133\/revisions"}],"predecessor-version":[{"id":1134,"href":"https:\/\/uniqueelements.es\/es\/wp-json\/wp\/v2\/pages\/1133\/revisions\/1134"}],"wp:attachment":[{"href":"https:\/\/uniqueelements.es\/es\/wp-json\/wp\/v2\/media?parent=1133"}],"curies":[{"name":"wp","href":"https:\/\/api.w.org\/{rel}","templated":true}]}}