{"id":1204,"date":"2025-05-25T09:28:21","date_gmt":"2025-05-25T07:28:21","guid":{"rendered":"https:\/\/uniqueelements.es\/produkt\/mesa-padouk-de-madera-natural\/"},"modified":"2025-05-25T09:28:21","modified_gmt":"2025-05-25T07:28:21","slug":"mesa-padouk-de-madera-natural","status":"publish","type":"product","link":"https:\/\/uniqueelements.es\/es\/producto\/mesa-padouk-de-madera-natural\/","title":{"rendered":"Mesa Padouk de madera natural"},"content":{"rendered":"","protected":false},"excerpt":{"rendered":"<h3 data-start=\"208\" data-end=\"280\"><strong data-start=\"212\" data-end=\"280\">Una obra maestra de padouk, hecha a mano con atenci\u00f3n al detalle<\/strong><\/h3>\n<p>(El grano puede variar, preg\u00fantanos por el aspecto actual antes de comprar).<\/p>\n<p data-start=\"282\" data-end=\"700\">Experimenta la combinaci\u00f3n perfecta de naturaleza y artesan\u00eda:<br data-start=\"349\" data-end=\"352\">Esta exclusiva mesa de madera natural fabricada con la rara madera africana de padouk es m\u00e1s que un mueble: es toda una declaraci\u00f3n. Con su impresionante longitud de 2,16 metros y una anchura org\u00e1nicamente curvada de 1,02 a 1,10 metros, atrae la atenci\u00f3n de todos y confiere a cualquier habitaci\u00f3n un aura de elegancia atemporal y fuerza natural. <\/p>\n<p data-start=\"702\" data-end=\"1065\">Cada tablero se fabrica con la m\u00e1xima precisi\u00f3n en nuestra f\u00e1brica especializada. El ardiente color y el llamativo veteado de la madera de padouk hacen que cada mesa sea absolutamente \u00fanica, acentuada por profundos detalles de resina epoxi negra que rellenan los nudos y las finas grietas, resaltando la originalidad de la madera en lugar de ocultarla. <\/p>\n<p data-start=\"1067\" data-end=\"1103\"><strong data-start=\"1067\" data-end=\"1101\">Tus ventajas de un vistazo:<\/strong><\/p>\n<ul data-start=\"1104\" data-end=\"1612\">\n<li data-start=\"1104\" data-end=\"1195\">\n<p data-start=\"1106\" data-end=\"1195\"><strong data-start=\"1106\" data-end=\"1130\">Rara madera de padouk<\/strong> con impresionante veteado y brillante color marr\u00f3n rojizo<\/p>\n<\/li>\n<li data-start=\"1196\" data-end=\"1291\">\n<p data-start=\"1198\" data-end=\"1291\"><strong data-start=\"1198\" data-end=\"1225\">Moldeado personalizado<\/strong> gracias a los lados largos naturales - adaptado con precisi\u00f3n bajo pedido<\/p>\n<\/li>\n<li data-start=\"1292\" data-end=\"1375\">\n<p data-start=\"1294\" data-end=\"1375\"><strong data-start=\"1294\" data-end=\"1323\">Acabado epoxi negro<\/strong> como contraste est\u00e9tico y protecci\u00f3n funcional<\/p>\n<\/li>\n<li data-start=\"1376\" data-end=\"1489\">\n<p data-start=\"1378\" data-end=\"1489\"><strong data-start=\"1378\" data-end=\"1402\">Acabado impecable<\/strong>: con lijado de banda ancha, sellado no poroso y estabilizaci\u00f3n met\u00e1lica opcional<\/p>\n<\/li>\n<li data-start=\"1490\" data-end=\"1612\">\n<p data-start=\"1492\" data-end=\"1612\"><strong data-start=\"1492\" data-end=\"1517\">Acabado de f\u00e1cil cuidado<\/strong> - opcionalmente aceitado para un tacto natural o totalmente sellado para una m\u00e1xima durabilidad<\/p>\n<\/li>\n<\/ul>\n<p data-start=\"1614\" data-end=\"1948\">Gracias a nuestros muchos a\u00f1os de experiencia y a unos est\u00e1ndares de calidad sin concesiones, hemos creado un mueble que durar\u00e1 generaciones. Ya sea en un moderno loft, en un elegante comedor o como elemento central de una prestigiosa sala de reuniones, esta mesa cuenta historias de naturaleza, artesan\u00eda y gusto exclusivo. <\/p>\n<p data-start=\"1950\" data-end=\"2222\"><strong data-start=\"1950\" data-end=\"1986\">Asesoramiento personalizado incluido:<\/strong><br data-start=\"1986\" data-end=\"1989\">T\u00fa eres importante para nosotros, por eso tambi\u00e9n estamos a tu disposici\u00f3n despu\u00e9s de la compra con asesoramiento para el cuidado personal y servicio in situ opcional. Si lo deseas, tambi\u00e9n podemos fabricar patas de mesa a juego en metal o madera, seg\u00fan tu estilo. <\/p>\n<hr data-start=\"2224\" data-end=\"2227\">\n<p data-start=\"2229\" data-end=\"2336\"><strong data-start=\"2229\" data-end=\"2334\">Hazte con una pieza verdaderamente \u00fanica hecha de padouk fino: hecha a mano, duradera y de una belleza \u00fanica.<\/strong><\/p>\n<p data-start=\"2338\" data-end=\"2370\">Esperamos recibir tu consulta.<\/p>\n","protected":false},"featured_media":403,"comment_status":"open","ping_status":"closed","template":"","meta":[],"product_brand":[48],"product_cat":[77],"product_tag":[],"class_list":{"0":"post-1204","1":"product","2":"type-product","3":"status-publish","4":"has-post-thumbnail","6":"product_brand-unique-elements","7":"product_cat-mesas-de-madera-natural","9":"first","10":"instock","11":"sale","12":"sold-individually","13":"shipping-taxable","14":"purchasable","15":"product-type-simple"},"jetpack_sharing_enabled":true,"_links":{"self":[{"href":"https:\/\/uniqueelements.es\/es\/wp-json\/wp\/v2\/product\/1204","targetHints":{"allow":["GET"]}}],"collection":[{"href":"https:\/\/uniqueelements.es\/es\/wp-json\/wp\/v2\/product"}],"about":[{"href":"https:\/\/uniqueelements.es\/es\/wp-json\/wp\/v2\/types\/product"}],"replies":[{"embeddable":true,"href":"https:\/\/uniqueelements.es\/es\/wp-json\/wp\/v2\/comments?post=1204"}],"wp:featuredmedia":[{"embeddable":true,"href":"https:\/\/uniqueelements.es\/es\/wp-json\/wp\/v2\/media\/403"}],"wp:attachment":[{"href":"https:\/\/uniqueelements.es\/es\/wp-json\/wp\/v2\/media?parent=1204"}],"wp:term":[{"taxonomy":"product_brand","embeddable":true,"href":"https:\/\/uniqueelements.es\/es\/wp-json\/wp\/v2\/product_brand?post=1204"},{"taxonomy":"product_cat","embeddable":true,"href":"https:\/\/uniqueelements.es\/es\/wp-json\/wp\/v2\/product_cat?post=1204"},{"taxonomy":"product_tag","embeddable":true,"href":"https:\/\/uniqueelements.es\/es\/wp-json\/wp\/v2\/product_tag?post=1204"}],"curies":[{"name":"wp","href":"https:\/\/api.w.org\/{rel}","templated":true}]}}