{"id":1127,"date":"2021-12-23T09:44:59","date_gmt":"2021-12-23T08:44:59","guid":{"rendered":"https:\/\/uniqueelements.es\/politique-de-confidentialite\/"},"modified":"2025-07-14T18:01:27","modified_gmt":"2025-07-14T16:01:27","slug":"politique-de-confidentialite","status":"publish","type":"page","link":"https:\/\/uniqueelements.es\/fr\/politique-de-confidentialite\/","title":{"rendered":"D\u00e9claration de confidentialit\u00e9"},"content":{"rendered":"\n<h2 class=\"wp-block-heading\">D\u00e9claration de confidentialit\u00e9<\/h2>\n\n<h3 class=\"wp-block-heading\">de Unique Elements S.L.<\/h3>\n\n<h3 class=\"wp-block-heading\">1) Remarques g\u00e9n\u00e9rales<\/h3>\n\n<p>La pr\u00e9sente d\u00e9claration de confidentialit\u00e9 vous informe sur la nature, l&rsquo;\u00e9tendue et la finalit\u00e9 du traitement des donn\u00e9es \u00e0 caract\u00e8re personnel en relation avec notre offre en ligne sous le domaine www.uniqueelements.eu<\/p>\n\n<p><strong>Le fournisseur responsable de cette offre en ligne est :<\/strong><br\/><strong>Unique Elements S.L.<\/strong><br\/>Alicante, Espagne<br\/>E-mail : info@uniqueelements.eu<\/p>\n\n<h3 class=\"wp-block-heading\">2. la collecte et le stockage des donn\u00e9es \u00e0 caract\u00e8re personnel ainsi que la nature et la finalit\u00e9 de leur utilisation<\/h3>\n\n<h4 class=\"wp-block-heading\">a) Lors de la visite du site web<\/h4>\n\n<p>Lorsque vous consultez notre site web, le navigateur utilis\u00e9 sur votre terminal envoie automatiquement des informations \u00e0 notre serveur. Ces informations sont stock\u00e9es temporairement dans un fichier journal. <\/p>\n\n<p><strong>Les informations suivantes sont collect\u00e9es sans votre intervention et conserv\u00e9es jusqu&rsquo;\u00e0 leur suppression automatis\u00e9e :<\/strong><\/p>\n\n<ul class=\"wp-block-list\">\n<li>Adresse IP de l&rsquo;ordinateur demandeur,<\/li>\n\n\n\n<li>la date et l&rsquo;heure d&rsquo;acc\u00e8s,<\/li>\n\n\n\n<li>Nom et URL du fichier r\u00e9cup\u00e9r\u00e9,<\/li>\n\n\n\n<li>site web \u00e0 partir duquel l&rsquo;acc\u00e8s a eu lieu (URL de r\u00e9f\u00e9rence),<\/li>\n\n\n\n<li>le navigateur utilis\u00e9 et, le cas \u00e9ch\u00e9ant, le syst\u00e8me d&rsquo;exploitation de votre ordinateur ainsi que le nom de votre fournisseur d&rsquo;acc\u00e8s.<\/li>\n<\/ul>\n\n<p><strong>Finalit\u00e9 du traitement :<\/strong><br\/>Les donn\u00e9es susmentionn\u00e9es sont trait\u00e9es par nos soins aux fins suivantes :<\/p>\n\n<ul class=\"wp-block-list\">\n<li>Assurer une connexion fluide,<\/li>\n\n\n\n<li>garantir une utilisation confortable de notre site web,<\/li>\n\n\n\n<li>l&rsquo;\u00e9valuation de la s\u00e9curit\u00e9 et de la stabilit\u00e9 du syst\u00e8me, et<\/li>\n\n\n\n<li>\u00e0 d&rsquo;autres fins administratives.<\/li>\n<\/ul>\n\n<p><strong>Base juridique :<\/strong> article 6, paragraphe 1, point f du RGPD (int\u00e9r\u00eat l\u00e9gitime)  <\/p>\n\n<h4 class=\"wp-block-heading\">b) En cas de contact<\/h4>\n\n<p>Si vous nous envoyez des demandes par formulaire de contact ou par e-mail, vos donn\u00e9es, y compris les coordonn\u00e9es que vous y avez indiqu\u00e9es, seront enregistr\u00e9es afin de pouvoir traiter votre demande.<\/p>\n\n<p><strong>Base juridique :<\/strong> article 6, paragraphe 1, point b), du RGPD (ex\u00e9cution ou initiation d&rsquo;un contrat)  <\/p>\n\n<h4 class=\"wp-block-heading\">c) Lors de l&rsquo;inscription \u00e0 la newsletter<\/h4>\n\n<p>Si vous vous abonnez \u00e0 notre newsletter, nous enregistrons votre adresse e-mail ainsi que d&rsquo;autres informations facultatives (par exemple, votre nom) afin de vous envoyer r\u00e9guli\u00e8rement des informations sur nos produits ou nos promotions.<\/p>\n\n<p><strong>Base juridique :<\/strong> article 6, paragraphe 1, point a) du RGPD (consentement)  <\/p>\n\n<p>Il est possible de retirer votre consentement \u00e0 tout moment, par exemple en cliquant sur le lien de d\u00e9sinscription dans la newsletter.<\/p>\n\n<h3 class=\"wp-block-heading\">3. partage de donn\u00e9es<\/h3>\n\n<p>Vos donn\u00e9es personnelles ne seront transmises \u00e0 des tiers que si :<\/p>\n\n<ul class=\"wp-block-list\">\n<li>vous avez donn\u00e9 votre consentement explicite \u00e0 cet effet (article 6, paragraphe 1, point a) du RGPD),<\/li>\n\n\n\n<li>si cela est autoris\u00e9 par la loi et n\u00e9cessaire \u00e0 l&rsquo;ex\u00e9cution des relations contractuelles avec vous (article 6, paragraphe 1, point b) du RGPD),<\/li>\n\n\n\n<li>s&rsquo;il existe une obligation l\u00e9gale (article 6, paragraphe 1, point c) du RGPD) ou<\/li>\n\n\n\n<li>la transmission est n\u00e9cessaire \u00e0 la sauvegarde d&rsquo;int\u00e9r\u00eats l\u00e9gitimes (article 6, paragraphe 1, point f) du RGPD).<\/li>\n<\/ul>\n\n<h3 class=\"wp-block-heading\">4. prestataire de services de paiement<\/h3>\n\n<p>Nous faisons appel aux prestataires de services de paiement suivants, dont vous acceptez la politique de confidentialit\u00e9 lorsque vous les utilisez :<\/p>\n\n<ul class=\"wp-block-list\">\n<li><strong>PayPal<\/strong> <a>: https:\/\/www.paypal.com\/de\/webapps\/mpp\/ua\/privacy-full<\/a><\/li>\n\n\n\n<li><strong>Klarna<\/strong> <a>: https:\/\/www.klarna.com\/de\/datenschutz\/<\/a><\/li>\n\n\n\n<li><strong>Apple Pay<\/strong> \/ <strong>Google Pay<\/strong> \/ <strong>American Express<\/strong> (via les plugins WooCommerce)<\/li>\n<\/ul>\n\n<h3 class=\"wp-block-heading\">5. cookies et suivi<\/h3>\n\n<h4 class=\"wp-block-heading\">a) Cookies<\/h4>\n\n<p>Notre site utilise des cookies. Ceux-ci n&rsquo;endommagent pas votre appareil et ne contiennent pas de virus. Les cookies servent \u00e0 rendre notre offre plus conviviale et plus s\u00fbre.  <\/p>\n\n<p><strong>Base juridique :<\/strong><\/p>\n\n<ul class=\"wp-block-list\">\n<li>Cookies n\u00e9cessaires : article 6, paragraphe 1, point f du RGPD  <\/li>\n\n\n\n<li>Tous les autres cookies (par ex. statistiques, marketing) : Article 6, paragraphe 1, point a) du RGPD (consentement via les banni\u00e8res de cookies)  <\/li>\n<\/ul>\n\n<h4 class=\"wp-block-heading\">b) Google Analytics<\/h4>\n\n<p>Ce site utilise Google Analytics, un service d&rsquo;analyse de site internet fourni par Google Ireland Limited, Gordon House, Barrow Street, Dublin 4, Irlande.<\/p>\n\n<p>Google utilise des cookies pour analyser l&rsquo;utilisation que vous faites du site. Les informations g\u00e9n\u00e9r\u00e9es par le cookie sont g\u00e9n\u00e9ralement transmises et stock\u00e9es sur un serveur de Google aux \u00c9tats-Unis. <\/p>\n\n<p>Nous avons configur\u00e9 Google Analytics de mani\u00e8re \u00e0 ce que votre adresse IP soit raccourcie (anonymisation IP). Vous pouvez emp\u00eacher l&rsquo;enregistrement des cookies en configurant votre logiciel de navigation en cons\u00e9quence ou en utilisant notre banni\u00e8re de cookies. <\/p>\n\n<p><strong>Pour en savoir plus<\/strong> <a>: https:\/\/support.google.com\/analytics\/answer\/6004245?hl=de<\/a><\/p>\n\n<h3 class=\"wp-block-heading\">6. vos droits en tant que personne concern\u00e9e<\/h3>\n\n<p>Vous avez le droit<\/p>\n\n<ul class=\"wp-block-list\">\n<li>de demander, conform\u00e9ment \u00e0 l&rsquo;article 15 du RGPD, des informations sur les donn\u00e9es personnelles que nous traitons \u00e0 votre sujet,<\/li>\n\n\n\n<li>conform\u00e9ment \u00e0 l&rsquo;article 16 du RGPD, d&rsquo;exiger imm\u00e9diatement la rectification des donn\u00e9es inexactes ou le compl\u00e9ment des donn\u00e9es que nous d\u00e9tenons \u00e0 votre sujet,<\/li>\n\n\n\n<li>conform\u00e9ment \u00e0 l&rsquo;article 17 du RGPD, de demander la suppression des donn\u00e9es que nous d\u00e9tenons \u00e0 votre sujet,<\/li>\n\n\n\n<li>de demander la limitation du traitement conform\u00e9ment \u00e0 l&rsquo;article 18 du RGPD,<\/li>\n\n\n\n<li>conform\u00e9ment \u00e0 l&rsquo;article 20 du RGPD, de recevoir vos donn\u00e9es dans un format structur\u00e9 et couramment utilis\u00e9 ou d&rsquo;exiger leur transmission \u00e0 un autre responsable du traitement,<\/li>\n\n\n\n<li>de d\u00e9poser une plainte aupr\u00e8s d&rsquo;une autorit\u00e9 de contr\u00f4le conform\u00e9ment \u00e0 l&rsquo;article 77 du RGPD.<\/li>\n<\/ul>\n\n<h3 class=\"wp-block-heading\">7) Droit de r\u00e9tractation en cas de consentement<\/h3>\n\n<p>Vous pouvez \u00e0 tout moment r\u00e9voquer le consentement que vous avez donn\u00e9 pour le traitement des donn\u00e9es. Il suffit pour cela de nous envoyer un message informel par e-mail. <\/p>\n\n<h3 class=\"wp-block-heading\">8. cryptage SSL ou TLS<\/h3>\n\n<p>Pour des raisons de s\u00e9curit\u00e9, ce site utilise le cryptage SSL ou TLS, reconnaissable \u00e0 \u00ab\u00a0https:\/\/\u00a0\u00bb et au symbole du cadenas dans la ligne du navigateur.<\/p>\n","protected":false},"excerpt":{"rendered":"<p>D\u00e9claration de confidentialit\u00e9 de Unique Elements S.L. 1) Remarques g\u00e9n\u00e9rales La pr\u00e9sente d\u00e9claration de confidentialit\u00e9 vous informe sur la nature, l&rsquo;\u00e9tendue et la finalit\u00e9 du traitement<span class=\"excerpt-hellip\"> [\u2026]<\/span><\/p>\n","protected":false},"author":2,"featured_media":0,"parent":0,"menu_order":0,"comment_status":"closed","ping_status":"closed","template":"","meta":{"footnotes":""},"class_list":["post-1127","page","type-page","status-publish","hentry"],"jetpack_sharing_enabled":true,"_links":{"self":[{"href":"https:\/\/uniqueelements.es\/fr\/wp-json\/wp\/v2\/pages\/1127","targetHints":{"allow":["GET"]}}],"collection":[{"href":"https:\/\/uniqueelements.es\/fr\/wp-json\/wp\/v2\/pages"}],"about":[{"href":"https:\/\/uniqueelements.es\/fr\/wp-json\/wp\/v2\/types\/page"}],"author":[{"embeddable":true,"href":"https:\/\/uniqueelements.es\/fr\/wp-json\/wp\/v2\/users\/2"}],"replies":[{"embeddable":true,"href":"https:\/\/uniqueelements.es\/fr\/wp-json\/wp\/v2\/comments?post=1127"}],"version-history":[{"count":2,"href":"https:\/\/uniqueelements.es\/fr\/wp-json\/wp\/v2\/pages\/1127\/revisions"}],"predecessor-version":[{"id":1357,"href":"https:\/\/uniqueelements.es\/fr\/wp-json\/wp\/v2\/pages\/1127\/revisions\/1357"}],"wp:attachment":[{"href":"https:\/\/uniqueelements.es\/fr\/wp-json\/wp\/v2\/media?parent=1127"}],"curies":[{"name":"wp","href":"https:\/\/api.w.org\/{rel}","templated":true}]}}