{"id":1118,"date":"2025-06-02T12:37:38","date_gmt":"2025-06-02T10:37:38","guid":{"rendered":"https:\/\/uniqueelements.es\/produkt\/resineux\/"},"modified":"2025-06-02T12:37:38","modified_gmt":"2025-06-02T10:37:38","slug":"resineux","status":"publish","type":"product","link":"https:\/\/uniqueelements.es\/fr\/produit\/resineux\/","title":{"rendered":"R\u00e9sineux"},"content":{"rendered":"","protected":false},"excerpt":{"rendered":"<p>244.5 Longueur<br \/>\n97 - 107 Largeur<br \/>\n7.8 \u00c9paisseur<br \/>\nBois de conif\u00e8re (pin) - huil\u00e9 avec la teinte Tabaco et l\u00e9g\u00e8rement bross\u00e9.<\/p>\n","protected":false},"featured_media":441,"comment_status":"open","ping_status":"closed","template":"","meta":[],"product_brand":[48],"product_cat":[76],"product_tag":[],"class_list":{"0":"post-1118","1":"product","2":"type-product","3":"status-publish","4":"has-post-thumbnail","6":"product_brand-unique-elements","7":"product_cat-tables-en-bois-naturel","9":"first","10":"instock","11":"sold-individually","12":"shipping-taxable","13":"purchasable","14":"product-type-simple"},"jetpack_sharing_enabled":true,"_links":{"self":[{"href":"https:\/\/uniqueelements.es\/fr\/wp-json\/wp\/v2\/product\/1118","targetHints":{"allow":["GET"]}}],"collection":[{"href":"https:\/\/uniqueelements.es\/fr\/wp-json\/wp\/v2\/product"}],"about":[{"href":"https:\/\/uniqueelements.es\/fr\/wp-json\/wp\/v2\/types\/product"}],"replies":[{"embeddable":true,"href":"https:\/\/uniqueelements.es\/fr\/wp-json\/wp\/v2\/comments?post=1118"}],"wp:featuredmedia":[{"embeddable":true,"href":"https:\/\/uniqueelements.es\/fr\/wp-json\/wp\/v2\/media\/441"}],"wp:attachment":[{"href":"https:\/\/uniqueelements.es\/fr\/wp-json\/wp\/v2\/media?parent=1118"}],"wp:term":[{"taxonomy":"product_brand","embeddable":true,"href":"https:\/\/uniqueelements.es\/fr\/wp-json\/wp\/v2\/product_brand?post=1118"},{"taxonomy":"product_cat","embeddable":true,"href":"https:\/\/uniqueelements.es\/fr\/wp-json\/wp\/v2\/product_cat?post=1118"},{"taxonomy":"product_tag","embeddable":true,"href":"https:\/\/uniqueelements.es\/fr\/wp-json\/wp\/v2\/product_tag?post=1118"}],"curies":[{"name":"wp","href":"https:\/\/api.w.org\/{rel}","templated":true}]}}