{"id":1170,"date":"2021-12-24T11:23:00","date_gmt":"2021-12-24T11:23:00","guid":{"rendered":"https:\/\/uniqueelements.es\/produkt\/table-en-bois-naturel\/"},"modified":"2021-12-24T11:23:00","modified_gmt":"2021-12-24T10:23:00","slug":"table-en-bois-naturel","status":"publish","type":"product","link":"https:\/\/uniqueelements.es\/fr\/produit\/table-en-bois-naturel\/","title":{"rendered":"Table en bois naturel"},"content":{"rendered":"","protected":false},"excerpt":{"rendered":"<p>Table en bois naturel de cerisier, coup\u00e9e, frais\u00e9e, vitrifi\u00e9e, lasur\u00e9e et vernie en Espagne. Les dimensions de cette table sont de 2m x 1m maximum sur les c\u00f4t\u00e9s les plus longs. <\/p>\n","protected":false},"featured_media":305,"comment_status":"open","ping_status":"closed","template":"","meta":[],"product_brand":[48],"product_cat":[76],"product_tag":[],"class_list":{"0":"post-1170","1":"product","2":"type-product","3":"status-publish","4":"has-post-thumbnail","6":"product_brand-unique-elements","7":"product_cat-tables-en-bois-naturel","9":"first","10":"instock","11":"shipping-taxable","12":"purchasable","13":"product-type-simple"},"jetpack_sharing_enabled":true,"_links":{"self":[{"href":"https:\/\/uniqueelements.es\/fr\/wp-json\/wp\/v2\/product\/1170","targetHints":{"allow":["GET"]}}],"collection":[{"href":"https:\/\/uniqueelements.es\/fr\/wp-json\/wp\/v2\/product"}],"about":[{"href":"https:\/\/uniqueelements.es\/fr\/wp-json\/wp\/v2\/types\/product"}],"replies":[{"embeddable":true,"href":"https:\/\/uniqueelements.es\/fr\/wp-json\/wp\/v2\/comments?post=1170"}],"wp:featuredmedia":[{"embeddable":true,"href":"https:\/\/uniqueelements.es\/fr\/wp-json\/wp\/v2\/media\/305"}],"wp:attachment":[{"href":"https:\/\/uniqueelements.es\/fr\/wp-json\/wp\/v2\/media?parent=1170"}],"wp:term":[{"taxonomy":"product_brand","embeddable":true,"href":"https:\/\/uniqueelements.es\/fr\/wp-json\/wp\/v2\/product_brand?post=1170"},{"taxonomy":"product_cat","embeddable":true,"href":"https:\/\/uniqueelements.es\/fr\/wp-json\/wp\/v2\/product_cat?post=1170"},{"taxonomy":"product_tag","embeddable":true,"href":"https:\/\/uniqueelements.es\/fr\/wp-json\/wp\/v2\/product_tag?post=1170"}],"curies":[{"name":"wp","href":"https:\/\/api.w.org\/{rel}","templated":true}]}}