{"id":1203,"date":"2021-12-24T11:22:19","date_gmt":"2021-12-24T11:22:19","guid":{"rendered":"https:\/\/uniqueelements.es\/produkt\/epoxitheque\/"},"modified":"2021-12-24T11:22:19","modified_gmt":"2021-12-24T10:22:19","slug":"epoxitheque","status":"publish","type":"product","link":"https:\/\/uniqueelements.es\/fr\/produit\/epoxitheque\/","title":{"rendered":"\u00c9poxith\u00e8que"},"content":{"rendered":"","protected":false},"excerpt":{"rendered":"<p>2,5 m de MAMMUTBAUM d&rsquo;Alaska, ponc\u00e9, trait\u00e9 \u00e0 la r\u00e9sine \u00e9poxy, poli, lasur\u00e9 et peint pour une fid\u00e9lit\u00e9 optimale des couleurs et une protection longue dur\u00e9e.<\/p>\n","protected":false},"featured_media":307,"comment_status":"open","ping_status":"closed","template":"","meta":[],"product_brand":[],"product_cat":[91],"product_tag":[],"class_list":{"0":"post-1203","1":"product","2":"type-product","3":"status-publish","4":"has-post-thumbnail","6":"product_cat-medecine-epoxy","8":"first","9":"instock","10":"shipping-taxable","11":"purchasable","12":"product-type-simple"},"jetpack_sharing_enabled":true,"_links":{"self":[{"href":"https:\/\/uniqueelements.es\/fr\/wp-json\/wp\/v2\/product\/1203","targetHints":{"allow":["GET"]}}],"collection":[{"href":"https:\/\/uniqueelements.es\/fr\/wp-json\/wp\/v2\/product"}],"about":[{"href":"https:\/\/uniqueelements.es\/fr\/wp-json\/wp\/v2\/types\/product"}],"replies":[{"embeddable":true,"href":"https:\/\/uniqueelements.es\/fr\/wp-json\/wp\/v2\/comments?post=1203"}],"wp:featuredmedia":[{"embeddable":true,"href":"https:\/\/uniqueelements.es\/fr\/wp-json\/wp\/v2\/media\/307"}],"wp:attachment":[{"href":"https:\/\/uniqueelements.es\/fr\/wp-json\/wp\/v2\/media?parent=1203"}],"wp:term":[{"taxonomy":"product_brand","embeddable":true,"href":"https:\/\/uniqueelements.es\/fr\/wp-json\/wp\/v2\/product_brand?post=1203"},{"taxonomy":"product_cat","embeddable":true,"href":"https:\/\/uniqueelements.es\/fr\/wp-json\/wp\/v2\/product_cat?post=1203"},{"taxonomy":"product_tag","embeddable":true,"href":"https:\/\/uniqueelements.es\/fr\/wp-json\/wp\/v2\/product_tag?post=1203"}],"curies":[{"name":"wp","href":"https:\/\/api.w.org\/{rel}","templated":true}]}}