{"id":1209,"date":"2025-05-25T09:28:21","date_gmt":"2025-05-25T07:28:21","guid":{"rendered":"https:\/\/uniqueelements.es\/produkt\/padouk-table-en-bois-naturel\/"},"modified":"2025-05-25T09:28:21","modified_gmt":"2025-05-25T07:28:21","slug":"padouk-table-en-bois-naturel","status":"publish","type":"product","link":"https:\/\/uniqueelements.es\/fr\/produit\/padouk-table-en-bois-naturel\/","title":{"rendered":"Padouk Table en bois naturel"},"content":{"rendered":"","protected":false},"excerpt":{"rendered":"<h3 data-start=\"208\" data-end=\"280\"><strong data-start=\"212\" data-end=\"280\">Un chef-d&rsquo;\u0153uvre en padouk - fabriqu\u00e9 \u00e0 la main avec une attention particuli\u00e8re aux d\u00e9tails<\/strong><\/h3>\n<p>(Le grain peut varier, demandez-nous les looks actuels avant d&rsquo;acheter).<\/p>\n<p data-start=\"282\" data-end=\"700\">D\u00e9couvrez l&rsquo;alliance parfaite de la nature et de l&rsquo;artisanat :<br data-start=\"349\" data-end=\"352\">Cette table exclusive en bois naturel, fabriqu\u00e9e \u00e0 partir d&rsquo;un bois africain rare, le padouk, est plus qu&rsquo;un meuble - c&rsquo;est une d\u00e9claration. Avec sa longueur impressionnante de 2,16 m\u00e8tres et sa largeur aux courbes organiques de 1,02 \u00e0 1,10 m\u00e8tre, elle attire tous les regards et conf\u00e8re \u00e0 chaque pi\u00e8ce une aura d&rsquo;\u00e9l\u00e9gance intemporelle et de force naturelle. <\/p>\n<p data-start=\"702\" data-end=\"1065\">Chaque plateau de table est fabriqu\u00e9 avec la plus grande pr\u00e9cision dans notre manufacture sp\u00e9cialis\u00e9e. La teinte ardente et le veinage prononc\u00e9 du bois de padouk font de chaque table une pi\u00e8ce absolument unique - soulign\u00e9e par des accents de r\u00e9sine \u00e9poxy d&rsquo;un noir profond qui comblent les trous de n\u0153uds et les fines fissures tout en soulignant l&rsquo;originalit\u00e9 du bois, sans la masquer. <\/p>\n<p data-start=\"1067\" data-end=\"1103\"><strong data-start=\"1067\" data-end=\"1101\">Vos avantages en un coup d&rsquo;\u0153il :<\/strong><\/p>\n<ul data-start=\"1104\" data-end=\"1612\">\n<li data-start=\"1104\" data-end=\"1195\">\n<p data-start=\"1106\" data-end=\"1195\"><strong data-start=\"1106\" data-end=\"1130\">Bois de padouk rare<\/strong> au veinage impressionnant et \u00e0 la coloration rouge-brun \u00e9clatante<\/p>\n<\/li>\n<li data-start=\"1196\" data-end=\"1291\">\n<p data-start=\"1198\" data-end=\"1291\"><strong data-start=\"1198\" data-end=\"1225\">Forme individuelle<\/strong> gr\u00e2ce aux c\u00f4t\u00e9s longitudinaux naturels - adapt\u00e9s avec pr\u00e9cision sur demande<\/p>\n<\/li>\n<li data-start=\"1292\" data-end=\"1375\">\n<p data-start=\"1294\" data-end=\"1375\"><strong data-start=\"1294\" data-end=\"1323\">Finition \u00e9poxy noire<\/strong> pour un contraste esth\u00e9tique et une protection fonctionnelle<\/p>\n<\/li>\n<li data-start=\"1376\" data-end=\"1489\">\n<p data-start=\"1378\" data-end=\"1489\"><strong data-start=\"1378\" data-end=\"1402\">Une finition impeccable<\/strong> - avec un pon\u00e7age \u00e0 large spectre, un scellement non poreux et une stabilisation m\u00e9tallique en option<\/p>\n<\/li>\n<li data-start=\"1490\" data-end=\"1612\">\n<p data-start=\"1492\" data-end=\"1612\"><strong data-start=\"1492\" data-end=\"1517\">Finition facile d&rsquo;entretien<\/strong> - au choix huil\u00e9e pour un toucher naturel ou enti\u00e8rement vitrifi\u00e9e pour une r\u00e9sistance maximale<\/p>\n<\/li>\n<\/ul>\n<p data-start=\"1614\" data-end=\"1948\">Gr\u00e2ce \u00e0 notre expertise de longue date et \u00e0 une exigence de qualit\u00e9 sans compromis, nous cr\u00e9ons un meuble qui traverse les g\u00e9n\u00e9rations. Que ce soit dans un loft moderne, une salle \u00e0 manger \u00e9l\u00e9gante ou comme \u00e9l\u00e9ment central d&rsquo;une salle de r\u00e9union prestigieuse, cette table raconte des histoires de nature, d&rsquo;artisanat et de go\u00fbt exclusif. <\/p>\n<p data-start=\"1950\" data-end=\"2222\"><strong data-start=\"1950\" data-end=\"1986\">Conseils personnalis\u00e9s inclus :<\/strong><br data-start=\"1986\" data-end=\"1989\">Vous \u00eates important pour nous - c&rsquo;est pourquoi nous sommes \u00e0 vos c\u00f4t\u00e9s apr\u00e8s l&rsquo;achat avec des conseils d&rsquo;entretien personnalis\u00e9s et un service sur site en option. Sur demande, nous fabriquons \u00e9galement des pieds de table assortis en m\u00e9tal ou en bois - selon votre style. <\/p>\n<hr data-start=\"2224\" data-end=\"2227\">\n<p data-start=\"2229\" data-end=\"2336\"><strong data-start=\"2229\" data-end=\"2334\">Assurez-vous d&rsquo;une v\u00e9ritable pi\u00e8ce unique en padouk noble - faite \u00e0 la main, durable et d&rsquo;une beaut\u00e9 unique.<\/strong><\/p>\n<p data-start=\"2338\" data-end=\"2370\">N&rsquo;h\u00e9sitez pas \u00e0 nous contacter.<\/p>\n","protected":false},"featured_media":403,"comment_status":"open","ping_status":"closed","template":"","meta":[],"product_brand":[48],"product_cat":[76],"product_tag":[],"class_list":{"0":"post-1209","1":"product","2":"type-product","3":"status-publish","4":"has-post-thumbnail","6":"product_brand-unique-elements","7":"product_cat-tables-en-bois-naturel","9":"first","10":"instock","11":"sale","12":"sold-individually","13":"shipping-taxable","14":"purchasable","15":"product-type-simple"},"jetpack_sharing_enabled":true,"_links":{"self":[{"href":"https:\/\/uniqueelements.es\/fr\/wp-json\/wp\/v2\/product\/1209","targetHints":{"allow":["GET"]}}],"collection":[{"href":"https:\/\/uniqueelements.es\/fr\/wp-json\/wp\/v2\/product"}],"about":[{"href":"https:\/\/uniqueelements.es\/fr\/wp-json\/wp\/v2\/types\/product"}],"replies":[{"embeddable":true,"href":"https:\/\/uniqueelements.es\/fr\/wp-json\/wp\/v2\/comments?post=1209"}],"wp:featuredmedia":[{"embeddable":true,"href":"https:\/\/uniqueelements.es\/fr\/wp-json\/wp\/v2\/media\/403"}],"wp:attachment":[{"href":"https:\/\/uniqueelements.es\/fr\/wp-json\/wp\/v2\/media?parent=1209"}],"wp:term":[{"taxonomy":"product_brand","embeddable":true,"href":"https:\/\/uniqueelements.es\/fr\/wp-json\/wp\/v2\/product_brand?post=1209"},{"taxonomy":"product_cat","embeddable":true,"href":"https:\/\/uniqueelements.es\/fr\/wp-json\/wp\/v2\/product_cat?post=1209"},{"taxonomy":"product_tag","embeddable":true,"href":"https:\/\/uniqueelements.es\/fr\/wp-json\/wp\/v2\/product_tag?post=1209"}],"curies":[{"name":"wp","href":"https:\/\/api.w.org\/{rel}","templated":true}]}}