{"id":1214,"date":"2025-06-01T22:31:31","date_gmt":"2025-06-01T20:31:31","guid":{"rendered":"https:\/\/uniqueelements.es\/produkt\/robble-chene-vert-et-chene-francais\/"},"modified":"2025-06-01T22:31:31","modified_gmt":"2025-06-01T20:31:31","slug":"robble-chene-vert-et-chene-francais","status":"publish","type":"product","link":"https:\/\/uniqueelements.es\/fr\/produit\/robble-chene-vert-et-chene-francais\/","title":{"rendered":"Robble \/ Ch\u00eane vert et ch\u00eane fran\u00e7ais"},"content":{"rendered":"","protected":false},"excerpt":{"rendered":"<h3 data-start=\"208\" data-end=\"280\">110 - 132 Diam\u00e8tre<\/h3>\n","protected":false},"featured_media":929,"comment_status":"open","ping_status":"closed","template":"","meta":[],"product_brand":[48],"product_cat":[76],"product_tag":[],"class_list":{"0":"post-1214","1":"product","2":"type-product","3":"status-publish","4":"has-post-thumbnail","6":"product_brand-unique-elements","7":"product_cat-tables-en-bois-naturel","9":"first","10":"instock","11":"sold-individually","12":"shipping-taxable","13":"purchasable","14":"product-type-simple"},"jetpack_sharing_enabled":true,"_links":{"self":[{"href":"https:\/\/uniqueelements.es\/fr\/wp-json\/wp\/v2\/product\/1214","targetHints":{"allow":["GET"]}}],"collection":[{"href":"https:\/\/uniqueelements.es\/fr\/wp-json\/wp\/v2\/product"}],"about":[{"href":"https:\/\/uniqueelements.es\/fr\/wp-json\/wp\/v2\/types\/product"}],"replies":[{"embeddable":true,"href":"https:\/\/uniqueelements.es\/fr\/wp-json\/wp\/v2\/comments?post=1214"}],"wp:featuredmedia":[{"embeddable":true,"href":"https:\/\/uniqueelements.es\/fr\/wp-json\/wp\/v2\/media\/929"}],"wp:attachment":[{"href":"https:\/\/uniqueelements.es\/fr\/wp-json\/wp\/v2\/media?parent=1214"}],"wp:term":[{"taxonomy":"product_brand","embeddable":true,"href":"https:\/\/uniqueelements.es\/fr\/wp-json\/wp\/v2\/product_brand?post=1214"},{"taxonomy":"product_cat","embeddable":true,"href":"https:\/\/uniqueelements.es\/fr\/wp-json\/wp\/v2\/product_cat?post=1214"},{"taxonomy":"product_tag","embeddable":true,"href":"https:\/\/uniqueelements.es\/fr\/wp-json\/wp\/v2\/product_tag?post=1214"}],"curies":[{"name":"wp","href":"https:\/\/api.w.org\/{rel}","templated":true}]}}