{"id":1407,"date":"2025-11-02T02:17:39","date_gmt":"2025-11-02T01:17:39","guid":{"rendered":"https:\/\/uniqueelements.es\/?post_type=product&#038;p=1407"},"modified":"2025-11-04T15:13:48","modified_gmt":"2025-11-04T14:13:48","slug":"resineux-kopie","status":"publish","type":"product","link":"https:\/\/uniqueelements.es\/fr\/produit\/resineux-kopie\/","title":{"rendered":"R\u00e9sineux (copie)"},"content":{"rendered":"","protected":false},"excerpt":{"rendered":"<p>244.5 Longueur<br \/>\n97 - 107 Largeur<br \/>\n7.8 \u00c9paisseur<br \/>\nBois de conif\u00e8re (pin) - huil\u00e9 avec la teinte Tabaco et l\u00e9g\u00e8rement bross\u00e9.<\/p>\n","protected":false},"featured_media":977,"comment_status":"open","ping_status":"closed","template":"","meta":[],"product_brand":[48],"product_cat":[76],"product_tag":[],"class_list":{"0":"post-1407","1":"product","2":"type-product","3":"status-publish","4":"has-post-thumbnail","6":"product_brand-unique-elements","7":"product_cat-tables-en-bois-naturel","9":"first","10":"instock","11":"sold-individually","12":"shipping-taxable","13":"purchasable","14":"product-type-simple"},"jetpack_sharing_enabled":true,"_links":{"self":[{"href":"https:\/\/uniqueelements.es\/fr\/wp-json\/wp\/v2\/product\/1407","targetHints":{"allow":["GET"]}}],"collection":[{"href":"https:\/\/uniqueelements.es\/fr\/wp-json\/wp\/v2\/product"}],"about":[{"href":"https:\/\/uniqueelements.es\/fr\/wp-json\/wp\/v2\/types\/product"}],"replies":[{"embeddable":true,"href":"https:\/\/uniqueelements.es\/fr\/wp-json\/wp\/v2\/comments?post=1407"}],"wp:featuredmedia":[{"embeddable":true,"href":"https:\/\/uniqueelements.es\/fr\/wp-json\/wp\/v2\/media\/977"}],"wp:attachment":[{"href":"https:\/\/uniqueelements.es\/fr\/wp-json\/wp\/v2\/media?parent=1407"}],"wp:term":[{"taxonomy":"product_brand","embeddable":true,"href":"https:\/\/uniqueelements.es\/fr\/wp-json\/wp\/v2\/product_brand?post=1407"},{"taxonomy":"product_cat","embeddable":true,"href":"https:\/\/uniqueelements.es\/fr\/wp-json\/wp\/v2\/product_cat?post=1407"},{"taxonomy":"product_tag","embeddable":true,"href":"https:\/\/uniqueelements.es\/fr\/wp-json\/wp\/v2\/product_tag?post=1407"}],"curies":[{"name":"wp","href":"https:\/\/api.w.org\/{rel}","templated":true}]}}