{"id":1131,"date":"2021-12-23T09:44:59","date_gmt":"2021-12-23T08:44:59","guid":{"rendered":"https:\/\/uniqueelements.es\/polityka-prywatnosci\/"},"modified":"2025-07-14T18:01:29","modified_gmt":"2025-07-14T16:01:29","slug":"polityka-prywatnosci","status":"publish","type":"page","link":"https:\/\/uniqueelements.es\/pl\/polityka-prywatnosci\/","title":{"rendered":"Polityka prywatno\u015bci"},"content":{"rendered":"\n<h2 class=\"wp-block-heading\">Polityka prywatno\u015bci<\/h2>\n\n<h3 class=\"wp-block-heading\">od Unique Elements S.L.<\/h3>\n\n<h3 class=\"wp-block-heading\">1. informacje og\u00f3lne<\/h3>\n\n<p>Niniejsza polityka prywatno\u015bci informuje o rodzaju, zakresie i celu przetwarzania danych osobowych w zwi\u0105zku z nasz\u0105 ofert\u0105 internetow\u0105 w domenie www.uniqueelements.eu.<\/p>\n\n<p><strong>Dostawc\u0105 odpowiedzialnym za t\u0119 ofert\u0119 online jest:<\/strong><br\/><strong>Unique Elements S.L.<\/strong><br\/>Alicante, Hiszpania<br\/>E-mail: info@uniqueelements.eu<\/p>\n\n<h3 class=\"wp-block-heading\">2. gromadzenie i przechowywanie danych osobowych oraz charakter i cel ich wykorzystywania<\/h3>\n\n<h4 class=\"wp-block-heading\">a) Podczas odwiedzania strony internetowej<\/h4>\n\n<p>Gdy u\u017cytkownik odwiedza nasz\u0105 stron\u0119 internetow\u0105, przegl\u0105darka u\u017cywana na jego urz\u0105dzeniu automatycznie wysy\u0142a informacje na nasz serwer. Informacje te s\u0105 tymczasowo przechowywane w tak zwanym pliku dziennika. <\/p>\n\n<p><strong>Poni\u017csze informacje s\u0105 gromadzone bez \u017cadnych dzia\u0142a\u0144 ze strony u\u017cytkownika i przechowywane do momentu ich automatycznego usuni\u0119cia:<\/strong><\/p>\n\n<ul class=\"wp-block-list\">\n<li>Adres IP komputera wysy\u0142aj\u0105cego \u017c\u0105danie,<\/li>\n\n\n\n<li>Data i godzina dost\u0119pu,<\/li>\n\n\n\n<li>Nazwa i adres URL pobranego pliku,<\/li>\n\n\n\n<li>Strona internetowa, z kt\u00f3rej uzyskano dost\u0119p (adres URL odsy\u0142acza),<\/li>\n\n\n\n<li>u\u017cywana przegl\u0105darka i, je\u015bli ma to zastosowanie, system operacyjny komputera oraz nazwa dostawcy dost\u0119pu.<\/li>\n<\/ul>\n\n<p><strong>Cel przetwarzania:<\/strong><br\/>Przetwarzamy wy\u017cej wymienione dane w nast\u0119puj\u0105cych celach:<\/p>\n\n<ul class=\"wp-block-list\">\n<li>Zapewnienie p\u0142ynnej konfiguracji po\u0142\u0105czenia,<\/li>\n\n\n\n<li>Zapewnienie wygodnego korzystania z naszej strony internetowej,<\/li>\n\n\n\n<li>Ocena bezpiecze\u0144stwa i stabilno\u015bci systemu oraz<\/li>\n\n\n\n<li>do dalszych cel\u00f3w administracyjnych.<\/li>\n<\/ul>\n\n<p><strong>Podstawa prawna:<\/strong> art. 6 ust. 1 lit. f RODO (uzasadniony interes)  <\/p>\n\n<h4 class=\"wp-block-heading\">b) Podczas nawi\u0105zywania kontaktu<\/h4>\n\n<p>Je\u015bli u\u017cytkownik prze\u015ble nam zapytanie za po\u015brednictwem formularza kontaktowego lub wiadomo\u015bci e-mail, jego dane, w tym podane tam dane kontaktowe, b\u0119d\u0105 przechowywane w celu przetworzenia zapytania.<\/p>\n\n<p><strong>Podstawa prawna:<\/strong> art. 6 ust. 1 lit. b RODO (wykonanie lub zawarcie umowy)  <\/p>\n\n<h4 class=\"wp-block-heading\">c) Podczas rejestracji do newslettera<\/h4>\n\n<p>Je\u015bli u\u017cytkownik zapisze si\u0119 do naszego newslettera, b\u0119dziemy przechowywa\u0107 jego adres e-mail i opcjonalnie inne dane (np. imi\u0119 i nazwisko) w celu regularnego wysy\u0142ania mu informacji o naszych produktach lub promocjach.<\/p>\n\n<p><strong>Podstawa prawna:<\/strong> art. 6 ust. 1 lit. a RODO (zgoda)  <\/p>\n\n<p>U\u017cytkownik mo\u017ce wycofa\u0107 swoj\u0105 zgod\u0119 w dowolnym momencie, np. za pomoc\u0105 linku rezygnacji z subskrypcji w newsletterze.<\/p>\n\n<h3 class=\"wp-block-heading\">3. ujawnianie danych<\/h3>\n\n<p>Dane osobowe u\u017cytkownika b\u0119d\u0105 przekazywane stronom trzecim tylko wtedy, gdy:<\/p>\n\n<ul class=\"wp-block-list\">\n<li>u\u017cytkownik wyrazi\u0142 na to wyra\u017an\u0105 zgod\u0119 (art. 6 ust. 1 lit. a RODO),<\/li>\n\n\n\n<li>jest to prawnie dopuszczalne i niezb\u0119dne do przetwarzania danych w ramach stosunk\u00f3w umownych z u\u017cytkownikiem (art. 6 ust. 1 lit. b RODO),<\/li>\n\n\n\n<li>istnieje obowi\u0105zek prawny (art. 6 ust. 1 lit. c RODO) lub<\/li>\n\n\n\n<li>ujawnienie jest niezb\u0119dne do ochrony uzasadnionych interes\u00f3w (art. 6 ust. 1 lit. f RODO).<\/li>\n<\/ul>\n\n<h3 class=\"wp-block-heading\">4. dostawca us\u0142ug p\u0142atniczych<\/h3>\n\n<p>Korzystamy z us\u0142ug nast\u0119puj\u0105cych dostawc\u00f3w us\u0142ug p\u0142atniczych, kt\u00f3rych postanowienia dotycz\u0105ce ochrony danych u\u017cytkownik akceptuje podczas korzystania z nich:<\/p>\n\n<ul class=\"wp-block-list\">\n<li><strong>PayPal:<\/strong> <a>https:\/\/www.paypal.com\/de\/webapps\/mpp\/ua\/privacy-full<\/a><\/li>\n\n\n\n<li><strong>Klarna:<\/strong> <a>https:\/\/www.klarna.com\/de\/datenschutz\/<\/a><\/li>\n\n\n\n<li><strong>Apple Pay<\/strong> \/ <strong>Google Pay<\/strong> \/ <strong>American Express<\/strong> (za po\u015brednictwem wtyczek WooCommerce)<\/li>\n<\/ul>\n\n<h3 class=\"wp-block-heading\">5. pliki cookie i \u015bledzenie<\/h3>\n\n<h4 class=\"wp-block-heading\">a) Pliki cookie<\/h4>\n\n<p>Nasza strona u\u017cywa plik\u00f3w cookie. Nie s\u0105 one szkodliwe dla urz\u0105dzenia i nie zawieraj\u0105 wirus\u00f3w. Pliki cookie s\u0105 u\u017cywane, aby nasza strona by\u0142a bardziej przyjazna dla u\u017cytkownika i bezpieczna.  <\/p>\n\n<p><strong>Podstawa prawna:<\/strong><\/p>\n\n<ul class=\"wp-block-list\">\n<li>Niezb\u0119dne pliki cookie: art. 6 ust. 1 lit. f RODO  <\/li>\n\n\n\n<li>Wszystkie inne pliki cookie (np. statystyki, marketing): Art. 6 ust. 1 lit. a RODO (zgoda za po\u015brednictwem banera plik\u00f3w cookie)  <\/li>\n<\/ul>\n\n<h4 class=\"wp-block-heading\">b) Google Analytics<\/h4>\n\n<p>Niniejsza witryna internetowa korzysta z Google Analytics, us\u0142ugi analizy ogl\u0105dalno\u015bci stron internetowych \u015bwiadczonej przez Google Ireland Limited, Gordon House, Barrow Street, Dublin 4, Irlandia.<\/p>\n\n<p>Google wykorzystuje pliki cookie do analizy korzystania z witryny przez u\u017cytkownika. Informacje generowane przez pliki cookie s\u0105 zazwyczaj przesy\u0142ane na serwer Google w USA i tam przechowywane. <\/p>\n\n<p>Skonfigurowali\u015bmy Google Analytics tak, aby adres IP u\u017cytkownika by\u0142 skracany (anonimizacja IP). Mo\u017cesz zapobiec przechowywaniu plik\u00f3w cookie, odpowiednio ustawiaj\u0105c oprogramowanie przegl\u0105darki lub korzystaj\u0105c z naszego banera plik\u00f3w cookie. <\/p>\n\n<p><strong>Wi\u0119cej informacji:<\/strong> <a>https:\/\/support.google.com\/analytics\/answer\/6004245?hl=de<\/a><\/p>\n\n<h3 class=\"wp-block-heading\">6. prawa u\u017cytkownika jako osoby, kt\u00f3rej dane dotycz\u0105<\/h3>\n\n<p>Masz do tego prawo:<\/p>\n\n<ul class=\"wp-block-list\">\n<li>za\u017c\u0105da\u0107 informacji o swoich danych osobowych przetwarzanych przez nas zgodnie z art. 15 RODO,<\/li>\n\n\n\n<li>zgodnie z art. 16 RODO, do natychmiastowego \u017c\u0105dania korekty nieprawid\u0142owych lub niekompletnych danych przechowywanych przez nas,<\/li>\n\n\n\n<li>\u017c\u0105dania usuni\u0119cia przechowywanych przez nas danych u\u017cytkownika zgodnie z art. 17 RODO,<\/li>\n\n\n\n<li>\u017c\u0105dania ograniczenia przetwarzania zgodnie z art. 18 RODO,<\/li>\n\n\n\n<li>zgodnie z art. 20 RODO, do otrzymywania danych w ustrukturyzowanym, powszechnie u\u017cywanym formacie lub do \u017c\u0105dania ich przekazania innemu administratorowi,<\/li>\n\n\n\n<li>wniesienia skargi do organu nadzorczego zgodnie z art. 77 RODO.<\/li>\n<\/ul>\n\n<h3 class=\"wp-block-heading\">7. prawo do odwo\u0142ania zgody<\/h3>\n\n<p>Zgod\u0119 na przetwarzanie danych mo\u017cna wycofa\u0107 w dowolnym momencie. Wystarczy wys\u0142a\u0107 do nas nieformaln\u0105 wiadomo\u015b\u0107 e-mail. <\/p>\n\n<h3 class=\"wp-block-heading\">8. szyfrowanie SSL lub TLS<\/h3>\n\n<p>Ze wzgl\u0119d\u00f3w bezpiecze\u0144stwa ta witryna korzysta z szyfrowania SSL lub TLS, rozpoznawalnego po &#8222;https:\/\/&#8221; i symbolu k\u0142\u00f3dki w wierszu przegl\u0105darki.<\/p>\n","protected":false},"excerpt":{"rendered":"<p>Polityka prywatno\u015bci od Unique Elements S.L. 1. informacje og\u00f3lne Niniejsza polityka prywatno\u015bci informuje o rodzaju, zakresie i celu przetwarzania danych osobowych w zwi\u0105zku z nasz\u0105 ofert\u0105<span class=\"excerpt-hellip\"> [\u2026]<\/span><\/p>\n","protected":false},"author":2,"featured_media":0,"parent":0,"menu_order":0,"comment_status":"closed","ping_status":"closed","template":"","meta":{"footnotes":""},"class_list":["post-1131","page","type-page","status-publish","hentry"],"jetpack_sharing_enabled":true,"_links":{"self":[{"href":"https:\/\/uniqueelements.es\/pl\/wp-json\/wp\/v2\/pages\/1131","targetHints":{"allow":["GET"]}}],"collection":[{"href":"https:\/\/uniqueelements.es\/pl\/wp-json\/wp\/v2\/pages"}],"about":[{"href":"https:\/\/uniqueelements.es\/pl\/wp-json\/wp\/v2\/types\/page"}],"author":[{"embeddable":true,"href":"https:\/\/uniqueelements.es\/pl\/wp-json\/wp\/v2\/users\/2"}],"replies":[{"embeddable":true,"href":"https:\/\/uniqueelements.es\/pl\/wp-json\/wp\/v2\/comments?post=1131"}],"version-history":[{"count":1,"href":"https:\/\/uniqueelements.es\/pl\/wp-json\/wp\/v2\/pages\/1131\/revisions"}],"predecessor-version":[{"id":1132,"href":"https:\/\/uniqueelements.es\/pl\/wp-json\/wp\/v2\/pages\/1131\/revisions\/1132"}],"wp:attachment":[{"href":"https:\/\/uniqueelements.es\/pl\/wp-json\/wp\/v2\/media?parent=1131"}],"curies":[{"name":"wp","href":"https:\/\/api.w.org\/{rel}","templated":true}]}}