{"id":1231,"date":"2025-06-02T10:23:12","date_gmt":"2025-06-02T08:23:12","guid":{"rendered":"https:\/\/uniqueelements.es\/zasady-dotyczace-zwrotow-i-refundacji\/"},"modified":"2025-07-14T18:04:42","modified_gmt":"2025-07-14T16:04:42","slug":"zasady-dotyczace-zwrotow-i-refundacji","status":"publish","type":"page","link":"https:\/\/uniqueelements.es\/pl\/zasady-dotyczace-zwrotow-i-refundacji\/","title":{"rendered":"Polityka anulowania"},"content":{"rendered":"\n<p><strong>Polityka anulowania<\/strong><\/p>\n\n<p><strong>1. prawo do odst\u0105pienia od umowy dla pozycji standardowych<\/strong><\/p>\n\n<p>Konsumenci maj\u0105 prawo do odst\u0105pienia od umowy w ci\u0105gu 14 dni bez podania przyczyny.<\/p>\n\n<p>Okres odst\u0105pienia od umowy wynosi 14 dni od dnia, w kt\u00f3rym u\u017cytkownik lub wskazana przez niego osoba trzecia, kt\u00f3ra nie jest przewo\u017anikiem, wesz\u0142a w posiadanie towar\u00f3w.<\/p>\n\n<p><strong>Aby skorzysta\u0107<\/strong> z <strong>prawa do odst\u0105pienia<\/strong> od umowy, nale\u017cy poinformowa\u0107 nas (Unique Elements, [adres u\u017cytkownika], e-mail: [adres e-mail u\u017cytkownika]) o swojej decyzji o odst\u0105pieniu od niniejszej umowy w drodze jednoznacznego o\u015bwiadczenia (np. pisma wys\u0142anego poczt\u0105 lub poczt\u0105 elektroniczn\u0105). Mo\u017cna skorzysta\u0107 z za\u0142\u0105czonego przyk\u0142adowego formularza odst\u0105pienia od umowy, ale nie jest to obowi\u0105zkowe. <\/p>\n\n<p><strong>Konsekwencje anulowania<\/strong><\/p>\n\n<p>W przypadku odst\u0105pienia od niniejszej umowy zwracamy U\u017cytkownikowi wszystkie otrzymane od niego p\u0142atno\u015bci, w tym koszty dostawy (z wyj\u0105tkiem dodatkowych koszt\u00f3w wynikaj\u0105cych z wyboru przez U\u017cytkownika rodzaju dostawy innego ni\u017c najta\u0144szy rodzaj standardowej dostawy oferowanej przez nas), bez zb\u0119dnej zw\u0142oki, a w ka\u017cdym przypadku nie p\u00f3\u017aniej ni\u017c 14 dni od dnia, w kt\u00f3rym zostali\u015bmy poinformowani o decyzji U\u017cytkownika o odst\u0105pieniu od niniejszej umowy.<\/p>\n\n<p>W przypadku tego zwrotu u\u017cyjemy tych samych \u015brodk\u00f3w p\u0142atno\u015bci, kt\u00f3rych u\u017cyto do pierwotnej transakcji, chyba \u017ce wyra\u017anie uzgodniono inaczej. W \u017cadnym wypadku u\u017cytkownik nie zostanie obci\u0105\u017cony \u017cadnymi op\u0142atami z tytu\u0142u tego zwrotu. <\/p>\n\n<p>Mo\u017cemy odm\u00f3wi\u0107 zwrotu pieni\u0119dzy do czasu otrzymania towar\u00f3w z powrotem lub do czasu dostarczenia przez u\u017cytkownika dowodu, \u017ce zwr\u00f3ci\u0142 towary, w zale\u017cno\u015bci od tego, co nast\u0105pi wcze\u015bniej.<\/p>\n\n<p>U\u017cytkownik musi zwr\u00f3ci\u0107 lub przekaza\u0107 nam towary niezw\u0142ocznie, a w ka\u017cdym razie nie p\u00f3\u017aniej ni\u017c w ci\u0105gu 14 dni od dnia, w kt\u00f3rym poinformowa\u0142 nas o odst\u0105pieniu od niniejszej umowy. Termin jest zachowany, je\u015bli towary zostan\u0105 wys\u0142ane przed up\u0142ywem 14 dni. <\/p>\n\n<p>U\u017cytkownik ponosi bezpo\u015brednie koszty zwrotu towar\u00f3w.<\/p>\n\n<p>U\u017cytkownik musi zap\u0142aci\u0107 za utrat\u0119 warto\u015bci towar\u00f3w tylko wtedy, gdy utrata warto\u015bci wynika z obchodzenia si\u0119 z towarami, kt\u00f3re nie jest konieczne do sprawdzenia ich stanu, w\u0142a\u015bciwo\u015bci i funkcjonalno\u015bci.<\/p>\n\n<hr class=\"wp-block-separator has-alpha-channel-opacity\"\/>\n\n<p><strong>2. wy\u0142\u0105czenie prawa do odst\u0105pienia od umowy w przypadku produkt\u00f3w wykonanych na zam\u00f3wienie<\/strong><\/p>\n\n<p>Prawo do odst\u0105pienia od umowy nie ma zastosowania do um\u00f3w o dostaw\u0119 towar\u00f3w, kt\u00f3re nie s\u0105 prefabrykowane i w przypadku kt\u00f3rych decyduj\u0105ce znaczenie ma indywidualny wyb\u00f3r lub okre\u015blenie przez konsumenta lub kt\u00f3re s\u0105 wyra\u017anie dostosowane do osobistych potrzeb konsumenta.<\/p>\n\n<p>Dotyczy to w szczeg\u00f3lno\u015bci produkt\u00f3w niestandardowych i indywidualnie zaprojektowanych produkt\u00f3w wytwarzanych zgodnie ze specyfikacjami u\u017cytkownika.<\/p>\n\n<hr class=\"wp-block-separator has-alpha-channel-opacity\"\/>\n\n<p><strong>Przyk\u0142adowy formularz anulowania<\/strong><\/p>\n\n<p>(Je\u015bli chcesz anulowa\u0107 umow\u0119, wype\u0142nij i ode\u015blij ten formularz).<\/p>\n\n<p>Do:<\/p>\n\n<p>Unique Elements<br\/>Caragus 16 Carretera N-332,<br\/>03750 Pedreguer, Aliante,<br\/>Hiszpania<\/p>\n\n<p>info@uniqueelements.eu<\/p>\n\n<p><em>Ja\/My ()<\/em> niniejszym odst\u0119puj\u0119\/odst\u0119pujemy () od zawartej<em> przeze mnie\/nas (<\/em>) umowy zakupu nast\u0119puj\u0105cych towar\u00f3w (*):<\/p>\n\n<ul class=\"wp-block-list\">\n<li>Zam\u00f3wiono w<em> dniu () \/ otrzymano w dniu (<\/em>):<\/li>\n<\/ul>\n\n<p><\/p>\n\n<ul class=\"wp-block-list\">\n<li>Nazwa konsumenta(-\u00f3w):<\/li>\n<\/ul>\n\n<p><\/p>\n\n<ul class=\"wp-block-list\">\n<li>Adres konsumenta(-\u00f3w):<\/li>\n<\/ul>\n\n<p><\/p>\n\n<ul class=\"wp-block-list\">\n<li>Podpis konsumenta(-\u00f3w) (tylko w przypadku powiadomienia na papierze):<\/li>\n<\/ul>\n\n<p><\/p>\n\n<ul class=\"wp-block-list\">\n<li>Data:<\/li>\n<\/ul>\n\n<p><\/p>\n\n<p>(*) Niepotrzebne skre\u015bli\u0107.<\/p>\n","protected":false},"excerpt":{"rendered":"<p>Polityka anulowania 1. prawo do odst\u0105pienia od umowy dla pozycji standardowych Konsumenci maj\u0105 prawo do odst\u0105pienia od umowy w ci\u0105gu 14 dni bez podania przyczyny. Okres<span class=\"excerpt-hellip\"> [\u2026]<\/span><\/p>\n","protected":false},"author":1,"featured_media":0,"parent":0,"menu_order":0,"comment_status":"closed","ping_status":"closed","template":"","meta":{"footnotes":""},"class_list":["post-1231","page","type-page","status-publish","hentry"],"jetpack_sharing_enabled":true,"_links":{"self":[{"href":"https:\/\/uniqueelements.es\/pl\/wp-json\/wp\/v2\/pages\/1231","targetHints":{"allow":["GET"]}}],"collection":[{"href":"https:\/\/uniqueelements.es\/pl\/wp-json\/wp\/v2\/pages"}],"about":[{"href":"https:\/\/uniqueelements.es\/pl\/wp-json\/wp\/v2\/types\/page"}],"author":[{"embeddable":true,"href":"https:\/\/uniqueelements.es\/pl\/wp-json\/wp\/v2\/users\/1"}],"replies":[{"embeddable":true,"href":"https:\/\/uniqueelements.es\/pl\/wp-json\/wp\/v2\/comments?post=1231"}],"version-history":[{"count":2,"href":"https:\/\/uniqueelements.es\/pl\/wp-json\/wp\/v2\/pages\/1231\/revisions"}],"predecessor-version":[{"id":1385,"href":"https:\/\/uniqueelements.es\/pl\/wp-json\/wp\/v2\/pages\/1231\/revisions\/1385"}],"wp:attachment":[{"href":"https:\/\/uniqueelements.es\/pl\/wp-json\/wp\/v2\/media?parent=1231"}],"curies":[{"name":"wp","href":"https:\/\/api.w.org\/{rel}","templated":true}]}}