{"id":1114,"date":"2025-06-01T22:51:53","date_gmt":"2025-06-01T20:51:53","guid":{"rendered":"https:\/\/uniqueelements.es\/produkt\/monkey-pot-222\/"},"modified":"2025-06-01T22:51:53","modified_gmt":"2025-06-01T20:51:53","slug":"monkey-pot-222","status":"publish","type":"product","link":"https:\/\/uniqueelements.es\/pl\/produkt\/monkey-pot-222\/","title":{"rendered":"Monkey Pot 222"},"content":{"rendered":"","protected":false},"excerpt":{"rendered":"<p>222,5 D\u0142ugo\u015b\u0107<br \/>\n93 - 108 Szeroko\u015b\u0107<br \/>\n4 cm Grubo\u015b\u0107<br \/>\nDoniczka Monkey<\/p>\n","protected":false},"featured_media":444,"comment_status":"open","ping_status":"closed","template":"","meta":[],"product_brand":[48],"product_cat":[79],"product_tag":[],"class_list":{"0":"post-1114","1":"product","2":"type-product","3":"status-publish","4":"has-post-thumbnail","6":"product_brand-unique-elements","7":"product_cat-stoly-z-naturalnego-drewna-pl","9":"first","10":"instock","11":"sold-individually","12":"shipping-taxable","13":"purchasable","14":"product-type-simple"},"jetpack_sharing_enabled":true,"_links":{"self":[{"href":"https:\/\/uniqueelements.es\/pl\/wp-json\/wp\/v2\/product\/1114","targetHints":{"allow":["GET"]}}],"collection":[{"href":"https:\/\/uniqueelements.es\/pl\/wp-json\/wp\/v2\/product"}],"about":[{"href":"https:\/\/uniqueelements.es\/pl\/wp-json\/wp\/v2\/types\/product"}],"replies":[{"embeddable":true,"href":"https:\/\/uniqueelements.es\/pl\/wp-json\/wp\/v2\/comments?post=1114"}],"wp:featuredmedia":[{"embeddable":true,"href":"https:\/\/uniqueelements.es\/pl\/wp-json\/wp\/v2\/media\/444"}],"wp:attachment":[{"href":"https:\/\/uniqueelements.es\/pl\/wp-json\/wp\/v2\/media?parent=1114"}],"wp:term":[{"taxonomy":"product_brand","embeddable":true,"href":"https:\/\/uniqueelements.es\/pl\/wp-json\/wp\/v2\/product_brand?post=1114"},{"taxonomy":"product_cat","embeddable":true,"href":"https:\/\/uniqueelements.es\/pl\/wp-json\/wp\/v2\/product_cat?post=1114"},{"taxonomy":"product_tag","embeddable":true,"href":"https:\/\/uniqueelements.es\/pl\/wp-json\/wp\/v2\/product_tag?post=1114"}],"curies":[{"name":"wp","href":"https:\/\/api.w.org\/{rel}","templated":true}]}}