{"id":1165,"date":"2021-12-24T11:22:42","date_gmt":"2021-12-24T11:22:42","guid":{"rendered":"https:\/\/uniqueelements.es\/produkt\/epoksydowy-ocean\/"},"modified":"2021-12-24T11:22:42","modified_gmt":"2021-12-24T10:22:42","slug":"epoksydowy-ocean","status":"publish","type":"product","link":"https:\/\/uniqueelements.es\/pl\/produkt\/epoksydowy-ocean\/","title":{"rendered":"Epoksydowy &#8222;ocean&#8221;"},"content":{"rendered":"","protected":false},"excerpt":{"rendered":"<p>1,50 m x 1,20 m Mo\u017cna zam\u00f3wi\u0107 artystyczne warstwy \u017cywicy epoksydowej z morskimi wzorami i falami w r\u00f3\u017cnych symulacjach g\u0142\u0119boko\u015bci i\/lub kolorach wody. Wszystkie naturalne kolory wody mog\u0105 by\u0107 symulowane. Z nocnym po\u0142yskiem lub bez. Ziarna nigdy nie s\u0105 takie same. Kolory wody s\u0105 dostosowywane do zam\u00f3wienia.    <\/p>\n","protected":false},"featured_media":319,"comment_status":"open","ping_status":"closed","template":"","meta":[],"product_brand":[],"product_cat":[88],"product_tag":[],"class_list":{"0":"post-1165","1":"product","2":"type-product","3":"status-publish","4":"has-post-thumbnail","6":"product_cat-epoksytologia","8":"first","9":"instock","10":"shipping-taxable","11":"purchasable","12":"product-type-simple"},"jetpack_sharing_enabled":true,"_links":{"self":[{"href":"https:\/\/uniqueelements.es\/pl\/wp-json\/wp\/v2\/product\/1165","targetHints":{"allow":["GET"]}}],"collection":[{"href":"https:\/\/uniqueelements.es\/pl\/wp-json\/wp\/v2\/product"}],"about":[{"href":"https:\/\/uniqueelements.es\/pl\/wp-json\/wp\/v2\/types\/product"}],"replies":[{"embeddable":true,"href":"https:\/\/uniqueelements.es\/pl\/wp-json\/wp\/v2\/comments?post=1165"}],"wp:featuredmedia":[{"embeddable":true,"href":"https:\/\/uniqueelements.es\/pl\/wp-json\/wp\/v2\/media\/319"}],"wp:attachment":[{"href":"https:\/\/uniqueelements.es\/pl\/wp-json\/wp\/v2\/media?parent=1165"}],"wp:term":[{"taxonomy":"product_brand","embeddable":true,"href":"https:\/\/uniqueelements.es\/pl\/wp-json\/wp\/v2\/product_brand?post=1165"},{"taxonomy":"product_cat","embeddable":true,"href":"https:\/\/uniqueelements.es\/pl\/wp-json\/wp\/v2\/product_cat?post=1165"},{"taxonomy":"product_tag","embeddable":true,"href":"https:\/\/uniqueelements.es\/pl\/wp-json\/wp\/v2\/product_tag?post=1165"}],"curies":[{"name":"wp","href":"https:\/\/api.w.org\/{rel}","templated":true}]}}