{"id":1168,"date":"2021-12-24T11:23:00","date_gmt":"2021-12-24T11:23:00","guid":{"rendered":"https:\/\/uniqueelements.es\/produkt\/stol-z-naturalnego-drewna\/"},"modified":"2021-12-24T11:23:00","modified_gmt":"2021-12-24T10:23:00","slug":"stol-z-naturalnego-drewna","status":"publish","type":"product","link":"https:\/\/uniqueelements.es\/pl\/produkt\/stol-z-naturalnego-drewna\/","title":{"rendered":"St\u00f3\u0142 z naturalnego drewna"},"content":{"rendered":"","protected":false},"excerpt":{"rendered":"<p>St\u00f3\u0142 z naturalnego drewna wi\u015bniowego ci\u0119ty, frezowany, uszczelniany, lakierowany i lakierowany w Hiszpanii. Wymiary tego sto\u0142u wynosz\u0105 maksymalnie 2 m x 1 m na najd\u0142u\u017cszych bokach. <\/p>\n","protected":false},"featured_media":305,"comment_status":"open","ping_status":"closed","template":"","meta":[],"product_brand":[48],"product_cat":[79],"product_tag":[],"class_list":{"0":"post-1168","1":"product","2":"type-product","3":"status-publish","4":"has-post-thumbnail","6":"product_brand-unique-elements","7":"product_cat-stoly-z-naturalnego-drewna-pl","9":"first","10":"instock","11":"shipping-taxable","12":"purchasable","13":"product-type-simple"},"jetpack_sharing_enabled":true,"_links":{"self":[{"href":"https:\/\/uniqueelements.es\/pl\/wp-json\/wp\/v2\/product\/1168","targetHints":{"allow":["GET"]}}],"collection":[{"href":"https:\/\/uniqueelements.es\/pl\/wp-json\/wp\/v2\/product"}],"about":[{"href":"https:\/\/uniqueelements.es\/pl\/wp-json\/wp\/v2\/types\/product"}],"replies":[{"embeddable":true,"href":"https:\/\/uniqueelements.es\/pl\/wp-json\/wp\/v2\/comments?post=1168"}],"wp:featuredmedia":[{"embeddable":true,"href":"https:\/\/uniqueelements.es\/pl\/wp-json\/wp\/v2\/media\/305"}],"wp:attachment":[{"href":"https:\/\/uniqueelements.es\/pl\/wp-json\/wp\/v2\/media?parent=1168"}],"wp:term":[{"taxonomy":"product_brand","embeddable":true,"href":"https:\/\/uniqueelements.es\/pl\/wp-json\/wp\/v2\/product_brand?post=1168"},{"taxonomy":"product_cat","embeddable":true,"href":"https:\/\/uniqueelements.es\/pl\/wp-json\/wp\/v2\/product_cat?post=1168"},{"taxonomy":"product_tag","embeddable":true,"href":"https:\/\/uniqueelements.es\/pl\/wp-json\/wp\/v2\/product_tag?post=1168"}],"curies":[{"name":"wp","href":"https:\/\/api.w.org\/{rel}","templated":true}]}}