{"id":1200,"date":"2021-12-24T11:22:19","date_gmt":"2021-12-24T11:22:19","guid":{"rendered":"https:\/\/uniqueelements.es\/produkt\/epoksyd-medyczny\/"},"modified":"2021-12-24T11:22:19","modified_gmt":"2021-12-24T10:22:19","slug":"epoksyd-medyczny","status":"publish","type":"product","link":"https:\/\/uniqueelements.es\/pl\/produkt\/epoksyd-medyczny\/","title":{"rendered":"Epoksyd medyczny"},"content":{"rendered":"","protected":false},"excerpt":{"rendered":"<p>2,5-metrowe drzewo MAMMUT z Alaski, szlifowane, wyko\u0144czone \u017cywic\u0105 epoksydow\u0105, polerowane, glazurowane i lakierowane dla optymalnej wierno\u015bci kolor\u00f3w i d\u0142ugotrwa\u0142ej ochrony.<\/p>\n","protected":false},"featured_media":307,"comment_status":"open","ping_status":"closed","template":"","meta":[],"product_brand":[],"product_cat":[88],"product_tag":[],"class_list":{"0":"post-1200","1":"product","2":"type-product","3":"status-publish","4":"has-post-thumbnail","6":"product_cat-epoksytologia","8":"first","9":"instock","10":"shipping-taxable","11":"purchasable","12":"product-type-simple"},"jetpack_sharing_enabled":true,"_links":{"self":[{"href":"https:\/\/uniqueelements.es\/pl\/wp-json\/wp\/v2\/product\/1200","targetHints":{"allow":["GET"]}}],"collection":[{"href":"https:\/\/uniqueelements.es\/pl\/wp-json\/wp\/v2\/product"}],"about":[{"href":"https:\/\/uniqueelements.es\/pl\/wp-json\/wp\/v2\/types\/product"}],"replies":[{"embeddable":true,"href":"https:\/\/uniqueelements.es\/pl\/wp-json\/wp\/v2\/comments?post=1200"}],"wp:featuredmedia":[{"embeddable":true,"href":"https:\/\/uniqueelements.es\/pl\/wp-json\/wp\/v2\/media\/307"}],"wp:attachment":[{"href":"https:\/\/uniqueelements.es\/pl\/wp-json\/wp\/v2\/media?parent=1200"}],"wp:term":[{"taxonomy":"product_brand","embeddable":true,"href":"https:\/\/uniqueelements.es\/pl\/wp-json\/wp\/v2\/product_brand?post=1200"},{"taxonomy":"product_cat","embeddable":true,"href":"https:\/\/uniqueelements.es\/pl\/wp-json\/wp\/v2\/product_cat?post=1200"},{"taxonomy":"product_tag","embeddable":true,"href":"https:\/\/uniqueelements.es\/pl\/wp-json\/wp\/v2\/product_tag?post=1200"}],"curies":[{"name":"wp","href":"https:\/\/api.w.org\/{rel}","templated":true}]}}