{"id":1206,"date":"2025-05-25T09:28:21","date_gmt":"2025-05-25T07:28:21","guid":{"rendered":"https:\/\/uniqueelements.es\/produkt\/stol-z-naturalnego-drewna-padouk\/"},"modified":"2025-05-25T09:28:21","modified_gmt":"2025-05-25T07:28:21","slug":"stol-z-naturalnego-drewna-padouk","status":"publish","type":"product","link":"https:\/\/uniqueelements.es\/pl\/produkt\/stol-z-naturalnego-drewna-padouk\/","title":{"rendered":"St\u00f3\u0142 z naturalnego drewna Padouk"},"content":{"rendered":"","protected":false},"excerpt":{"rendered":"<h3 data-start=\"208\" data-end=\"280\"><strong data-start=\"212\" data-end=\"280\">Arcydzie\u0142o wykonane z padouku - r\u0119cznie wykonane z dba\u0142o\u015bci\u0105 o szczeg\u00f3\u0142y<\/strong><\/h3>\n<p>(Ziarno mo\u017ce si\u0119 r\u00f3\u017cni\u0107, zapytaj nas o aktualny wygl\u0105d przed zakupem).<\/p>\n<p data-start=\"282\" data-end=\"700\">Poznaj doskona\u0142e po\u0142\u0105czenie natury i rzemios\u0142a:<br data-start=\"349\" data-end=\"352\">Ten ekskluzywny st\u00f3\u0142 z naturalnego drewna, wykonany z rzadkiego afryka\u0144skiego drewna padouk, to co\u015b wi\u0119cej ni\u017c tylko mebel - to deklaracja. Dzi\u0119ki imponuj\u0105cej d\u0142ugo\u015bci 2,16 metra i organicznie zakrzywionej szeroko\u015bci od 1,02 do 1,10 metra, przyci\u0105ga uwag\u0119 ka\u017cdego i nadaje ka\u017cdemu pomieszczeniu aur\u0119 ponadczasowej elegancji i naturalnej si\u0142y. <\/p>\n<p data-start=\"702\" data-end=\"1065\">Ka\u017cdy blat sto\u0142u jest produkowany z najwy\u017csz\u0105 precyzj\u0105 w naszej wyspecjalizowanej manufakturze. Ognisty kolor i uderzaj\u0105ce us\u0142ojenie drewna padouk sprawiaj\u0105, \u017ce ka\u017cdy st\u00f3\u0142 jest absolutnie wyj\u0105tkowy - podkre\u015blony g\u0142\u0119bok\u0105 czerni\u0105 \u017cywicy epoksydowej, kt\u00f3ra wype\u0142nia dziury i drobne p\u0119kni\u0119cia, podkre\u015blaj\u0105c oryginalno\u015b\u0107 drewna, a nie ukrywaj\u0105c go. <\/p>\n<p data-start=\"1067\" data-end=\"1103\"><strong data-start=\"1067\" data-end=\"1101\">Zalety w skr\u00f3cie:<\/strong><\/p>\n<ul data-start=\"1104\" data-end=\"1612\">\n<li data-start=\"1104\" data-end=\"1195\">\n<p data-start=\"1106\" data-end=\"1195\"><strong data-start=\"1106\" data-end=\"1130\">Rzadkie drewno padouk<\/strong> o imponuj\u0105cym us\u0142ojeniu i jasnym czerwono-br\u0105zowym zabarwieniu<\/p>\n<\/li>\n<li data-start=\"1196\" data-end=\"1291\">\n<p data-start=\"1198\" data-end=\"1291\"><strong data-start=\"1198\" data-end=\"1225\">Indywidualny kszta\u0142t<\/strong> dzi\u0119ki naturalnym d\u0142ugim bokom - precyzyjnie dostosowany na \u017cyczenie<\/p>\n<\/li>\n<li data-start=\"1292\" data-end=\"1375\">\n<p data-start=\"1294\" data-end=\"1375\"><strong data-start=\"1294\" data-end=\"1323\">Czarne wyko\u0144czenie epoksydowe<\/strong> jako estetyczny kontrast i funkcjonalna ochrona<\/p>\n<\/li>\n<li data-start=\"1376\" data-end=\"1489\">\n<p data-start=\"1378\" data-end=\"1489\"><strong data-start=\"1378\" data-end=\"1402\">Bezb\u0142\u0119dne wyko\u0144czenie<\/strong> - dzi\u0119ki szlifowaniu szerokim pasem, nieporowatemu uszczelnieniu i opcjonalnej stabilizacji metalu<\/p>\n<\/li>\n<li data-start=\"1490\" data-end=\"1612\">\n<p data-start=\"1492\" data-end=\"1612\"><strong data-start=\"1492\" data-end=\"1517\">\u0141atwe w piel\u0119gnacji wyko\u0144czenie<\/strong> - opcjonalnie olejowane dla naturalnego wygl\u0105du lub w pe\u0142ni uszczelnione dla maksymalnej trwa\u0142o\u015bci<\/p>\n<\/li>\n<\/ul>\n<p data-start=\"1614\" data-end=\"1948\">Dzi\u0119ki naszemu wieloletniemu do\u015bwiadczeniu i bezkompromisowym standardom jako\u015bci stworzyli\u015bmy mebel, kt\u00f3ry przetrwa pokolenia. Czy to w nowoczesnym lofcie, stylowej jadalni, czy jako centralny element w presti\u017cowej sali konferencyjnej - ten st\u00f3\u0142 opowiada historie o naturze, rzemio\u015ble i ekskluzywnym smaku. <\/p>\n<p data-start=\"1950\" data-end=\"2222\"><strong data-start=\"1950\" data-end=\"1986\">Indywidualne porady w zestawie:<\/strong><br data-start=\"1986\" data-end=\"1989\">Jeste\u015b dla nas wa\u017cny - dlatego jeste\u015bmy do Twojej dyspozycji r\u00f3wnie\u017c po zakupie, oferuj\u0105c indywidualne porady dotycz\u0105ce piel\u0119gnacji i opcjonalny serwis na miejscu. Na \u017cyczenie mo\u017cemy r\u00f3wnie\u017c wyprodukowa\u0107 pasuj\u0105ce nogi sto\u0142u z metalu lub drewna - zgodnie z Twoim stylem. <\/p>\n<hr data-start=\"2224\" data-end=\"2227\">\n<p data-start=\"2229\" data-end=\"2336\"><strong data-start=\"2229\" data-end=\"2334\">Zafunduj sobie prawdziwie unikalny element wykonany z delikatnego padouku - r\u0119cznie robiony, trwa\u0142y i wyj\u0105tkowo pi\u0119kny.<\/strong><\/p>\n<p data-start=\"2338\" data-end=\"2370\">Czekamy na Twoje zapytanie.<\/p>\n","protected":false},"featured_media":403,"comment_status":"open","ping_status":"closed","template":"","meta":[],"product_brand":[48],"product_cat":[79],"product_tag":[],"class_list":{"0":"post-1206","1":"product","2":"type-product","3":"status-publish","4":"has-post-thumbnail","6":"product_brand-unique-elements","7":"product_cat-stoly-z-naturalnego-drewna-pl","9":"first","10":"instock","11":"sale","12":"sold-individually","13":"shipping-taxable","14":"purchasable","15":"product-type-simple"},"jetpack_sharing_enabled":true,"_links":{"self":[{"href":"https:\/\/uniqueelements.es\/pl\/wp-json\/wp\/v2\/product\/1206","targetHints":{"allow":["GET"]}}],"collection":[{"href":"https:\/\/uniqueelements.es\/pl\/wp-json\/wp\/v2\/product"}],"about":[{"href":"https:\/\/uniqueelements.es\/pl\/wp-json\/wp\/v2\/types\/product"}],"replies":[{"embeddable":true,"href":"https:\/\/uniqueelements.es\/pl\/wp-json\/wp\/v2\/comments?post=1206"}],"wp:featuredmedia":[{"embeddable":true,"href":"https:\/\/uniqueelements.es\/pl\/wp-json\/wp\/v2\/media\/403"}],"wp:attachment":[{"href":"https:\/\/uniqueelements.es\/pl\/wp-json\/wp\/v2\/media?parent=1206"}],"wp:term":[{"taxonomy":"product_brand","embeddable":true,"href":"https:\/\/uniqueelements.es\/pl\/wp-json\/wp\/v2\/product_brand?post=1206"},{"taxonomy":"product_cat","embeddable":true,"href":"https:\/\/uniqueelements.es\/pl\/wp-json\/wp\/v2\/product_cat?post=1206"},{"taxonomy":"product_tag","embeddable":true,"href":"https:\/\/uniqueelements.es\/pl\/wp-json\/wp\/v2\/product_tag?post=1206"}],"curies":[{"name":"wp","href":"https:\/\/api.w.org\/{rel}","templated":true}]}}